{"id":3,"date":"2025-04-01T20:36:35","date_gmt":"2025-04-01T20:36:35","guid":{"rendered":"http:\/\/collagena.eu\/?page_id=3"},"modified":"2025-07-14T14:18:50","modified_gmt":"2025-07-14T11:18:50","slug":"terms","status":"publish","type":"page","link":"https:\/\/collagena.eu\/cs\/terms\/","title":{"rendered":"Podm\u00ednky"},"content":{"rendered":"<h3>SB\u011aR A ZPRACOV\u00c1N\u00cd OSOBN\u00cdCH \u00daDAJ\u016e<\/h3>\n<p>Osobn\u00ed \u00fadaje jsou informace, kter\u00e9 slou\u017e\u00ed k va\u0161\u00ed identifikaci, tj. jm\u00e9no, adresa, e-mailov\u00e1 nebo po\u0161tovn\u00ed adresa. Collagena.eu od v\u00e1s neshroma\u017e\u010fuje osobn\u00ed \u00fadaje, pokud je neposkytnete ve zvl\u00e1\u0161tn\u00edch p\u0159\u00edpadech, nap\u0159\u00edklad p\u0159i objedn\u00e1vce produkt\u016f nebo p\u0159ihl\u00e1\u0161en\u00ed k odb\u011bru newsletter\u016f.<\/p>\n<h3>U\u017d\u00cdV\u00c1N\u00cd A UCHOV\u00c1V\u00c1N\u00cd OSOBN\u00cdCH \u00daDAJ\u016e<\/h3>\n<p>Collagena.eu m\u016f\u017ee va\u0161e osobn\u00ed \u00fadaje pou\u017e\u00edt pro: pro \u00fa\u010dely technick\u00e9 spr\u00e1vy str\u00e1nek, poskytnut\u00ed p\u0159\u00edstupu ke zvl\u00e1\u0161tn\u00edm informac\u00edm, pro obecnou komunikaci s v\u00e1mi nebo p\u0159i prodeji produktu na d\u00e1lku z Collagena.eu. Collagena.eu je povinna chr\u00e1nit d\u016fv\u011brnost va\u0161ich \u00fadaj\u016f a dodr\u017eovat dohodu o zve\u0159ejn\u011bn\u00ed d\u016fv\u011brn\u00fdch informac\u00ed.<\/p>\n<h3>Svoboda volby<\/h3>\n<p>Kontrolujete informace, kter\u00e9 poskytnete na collagena.eu. Pokud se v\u0161ak rozhodnete nesd\u00edlet tyto informace s collagena.eu, vezm\u011bte pros\u00edm na v\u011bdom\u00ed, \u017ee mo\u017en\u00e1 nebudete m\u00edt p\u0159\u00edstup k n\u011bkter\u00fdm oblastem webu. U\u017eivatel\u00e9, kte\u0159\u00ed se rozhodli odhl\u00e1sit se z odb\u011bru newsletteru, mohou p\u0159estat dost\u00e1vat tato sd\u011blen\u00ed.<\/p>\n<h3>Automaticky zaznamenan\u00e9 informace<\/h3>\n<p>P\u0159i p\u0159\u00edstupu na webov\u00e9 str\u00e1nky collagena.eu se automaticky zaznamen\u00e1vaj\u00ed n\u011bkter\u00e9 obecn\u00e9 neosobn\u00ed \u00fadaje (pou\u017eit\u00fd internetov\u00fd prohl\u00ed\u017ee\u010d, po\u010det n\u00e1v\u0161t\u011bv, pr\u016fm\u011brn\u00e1 doba str\u00e1ven\u00e1 na webov\u00fdch str\u00e1nk\u00e1ch, prohl\u00ed\u017een\u00e9 str\u00e1nky) (nikoli v r\u00e1mci registrace). Tyto informace slou\u017e\u00ed k posouzen\u00ed atraktivity na\u0161ich webov\u00fdch str\u00e1nek a ke zlep\u0161en\u00ed jejich obsahu a funk\u010dnosti. Va\u0161e \u00fadaje nejsou zpracov\u00e1v\u00e1ny pomoc\u00ed slu\u017eby Google Analytics.<\/p>\n<h3>\u201eCOOKIES\u201c<\/h3>\n<p>\u201eCookies\u201c jsou mal\u00e9 soubory, kter\u00e9 jsou do\u010dasn\u011b ulo\u017eeny na va\u0161em pevn\u00e9m disku a umo\u017e\u0148uj\u00ed na\u0161im internetov\u00fdm str\u00e1nk\u00e1m rozpoznat v\u00e1\u0161 po\u010d\u00edta\u010d p\u0159i p\u0159\u00ed\u0161t\u00ed n\u00e1v\u0161t\u011bv\u011b internetov\u00fdch str\u00e1nek Collagena.eu. Collagena.eu pou\u017e\u00edv\u00e1 \u201ecookies\u201c v\u00fdhradn\u011b ke shroma\u017e\u010fov\u00e1n\u00ed informac\u00ed o pou\u017e\u00edv\u00e1n\u00ed na\u0161ich internetov\u00fdch str\u00e1nek.<br \/>\nDal\u0161\u00ed informace najdete na adrese: <a href=\"https:\/\/collagena.eu\/cs\/cookies\/\">Soubory cookie<\/a><\/p>\n<h3>BEZPE\u010cNOST<\/h3>\n<p>collagena.eu p\u0159ikl\u00e1d\u00e1 velk\u00fd v\u00fdznam zaji\u0161t\u011bn\u00ed bezpe\u010dnosti va\u0161ich osobn\u00edch \u00fadaj\u016f. Va\u0161e \u00fadaje jsou pe\u010dliv\u011b chr\u00e1n\u011bny p\u0159ed ztr\u00e1tou, zni\u010den\u00edm, zkreslen\u00edm\/fal\u0161ov\u00e1n\u00edm, manipulac\u00ed a neopr\u00e1vn\u011bn\u00fdm p\u0159\u00edstupem nebo neopr\u00e1vn\u011bn\u00fdm zve\u0159ejn\u011bn\u00edm.<\/p>\n<h3>OZN\u00c1MEN\u00cd O ZM\u011aN\u00c1CH<\/h3>\n<p>Ve\u0161ker\u00e9 zm\u011bny na\u0161ich z\u00e1sad ochrany osobn\u00edch \u00fadaj\u016f budou ozn\u00e1meny v prohl\u00e1\u0161en\u00ed o ochran\u011b osobn\u00edch \u00fadaj\u016f, na domovsk\u00e9 str\u00e1nce a na dal\u0161\u00edch m\u00edstech, kter\u00e1 pova\u017eujeme za vhodn\u00e1.<\/p>\n<p>Osobn\u00ed \u00fadaje, kter\u00e9 poskytnete, budou pou\u017eity spole\u010dnost\u00ed collagena.eu k prov\u00e1d\u011bn\u00ed personalizovan\u00e9 komunikace s v\u00e1mi o produktech, nab\u00eddk\u00e1ch, ud\u00e1lostech spole\u010dnosti collagena.eu prost\u0159ednictv\u00edm e-mailu, telefonu a \/ nebo katalogu nebo jak\u00fdmikoli jin\u00fdmi prost\u0159edky a komunika\u010dn\u00edmi kan\u00e1ly s v\u00e1mi.<\/p>\n<p>Pokud jste souhlasili se zpracov\u00e1n\u00edm sv\u00fdch osobn\u00edch \u00fadaj\u016f spole\u010dnost\u00ed collagena.eu, m\u016f\u017ee je tak\u00e9 pou\u017e\u00edt k prov\u00e1d\u011bn\u00ed pr\u016fzkum\u016f, statistick\u00fdch studi\u00ed, intern\u00edch anal\u00fdz a \/ nebo k zas\u00edl\u00e1n\u00ed personalizovan\u00fdch reklamn\u00edch zpr\u00e1v na z\u00e1klad\u011b osobn\u00edch \u00fadaj\u016f, kter\u00e9 jste poskytli v p\u0159edchoz\u00edch objedn\u00e1vk\u00e1ch, na z\u00e1klad\u011b opr\u00e1vn\u011bn\u00fdch z\u00e1jm\u016f.<\/p>\n<p>collagena.eu bude zpracov\u00e1vat a uchov\u00e1vat va\u0161e osobn\u00ed \u00fadaje tak dlouho, dokud k tomu bude m\u00edt v\u00e1\u0161 platn\u00fd souhlas. Sv\u016fj souhlas se zpracov\u00e1n\u00edm osobn\u00edch \u00fadaj\u016f m\u016f\u017eete kdykoli odvolat kliknut\u00edm na tla\u010d\u00edtko n\u00ed\u017ee vpravo. Odvol\u00e1n\u00edm souhlasu nen\u00ed dot\u010dena z\u00e1konnost zpracov\u00e1n\u00ed zalo\u017een\u00e9ho na souhlasu p\u0159ed jeho odvol\u00e1n\u00edm.<\/p>\n<p>Pokud jste neposkytli souhlas se zpracov\u00e1n\u00edm sv\u00fdch osobn\u00edch \u00fadaj\u016f na str\u00e1nk\u00e1ch collagena.eu, nebudete dost\u00e1vat ozn\u00e1men\u00ed, personalizovan\u00e9 nab\u00eddky a informace o produktech, nab\u00eddk\u00e1ch a akc\u00edch spole\u010dnosti Collagena.eu.<\/p>","protected":false},"excerpt":{"rendered":"<p>SB\u011aR A ZPRACOV\u00c1N\u00cd OSOBN\u00cdCH \u00daDAJ\u016e Osobn\u00ed \u00fadaje jsou informace, kter\u00e9 slou\u017e\u00ed k va\u0161\u00ed identifikaci, tj. jm\u00e9no, adresa, e-mailov\u00e1 nebo po\u0161tovn\u00ed adresa. Collagena.eu od v\u00e1s neshroma\u017e\u010fuje osobn\u00ed \u00fadaje, pokud je neposkytnete ve zvl\u00e1\u0161tn\u00edch p\u0159\u00edpadech, nap\u0159\u00edklad p\u0159i objedn\u00e1vce produkt\u016f nebo p\u0159ihl\u00e1\u0161en\u00ed k odb\u011bru newsletter\u016f. POU\u017dIT\u00cd A SKLADOV\u00c1N\u00cd<\/p>\n<div class=\"post-permalink\">\n\t\t\t\t\t\t<a href=\"https:\/\/collagena.eu\/cs\/terms\/\" class=\"btn btn-default\">Pokra\u010dovat ve \u010dten\u00ed<\/a><\/div>","protected":false},"author":1,"featured_media":0,"parent":0,"menu_order":0,"comment_status":"closed","ping_status":"closed","template":"fullwil-page.php","meta":{"footnotes":""},"class_list":["post-3","page","type-page","status-publish","hentry"],"amp_enabled":true,"_links":{"self":[{"href":"https:\/\/collagena.eu\/cs\/wp-json\/wp\/v2\/pages\/3","targetHints":{"allow":["GET"]}}],"collection":[{"href":"https:\/\/collagena.eu\/cs\/wp-json\/wp\/v2\/pages"}],"about":[{"href":"https:\/\/collagena.eu\/cs\/wp-json\/wp\/v2\/types\/page"}],"author":[{"embeddable":true,"href":"https:\/\/collagena.eu\/cs\/wp-json\/wp\/v2\/users\/1"}],"replies":[{"embeddable":true,"href":"https:\/\/collagena.eu\/cs\/wp-json\/wp\/v2\/comments?post=3"}],"version-history":[{"count":4,"href":"https:\/\/collagena.eu\/cs\/wp-json\/wp\/v2\/pages\/3\/revisions"}],"predecessor-version":[{"id":3476,"href":"https:\/\/collagena.eu\/cs\/wp-json\/wp\/v2\/pages\/3\/revisions\/3476"}],"wp:attachment":[{"href":"https:\/\/collagena.eu\/cs\/wp-json\/wp\/v2\/media?parent=3"}],"curies":[{"name":"wp","href":"https:\/\/api.w.org\/{rel}","templated":true}]}}