{"id":3349,"date":"2025-04-06T19:25:34","date_gmt":"2025-04-06T16:25:34","guid":{"rendered":"https:\/\/collagena.eu\/?page_id=3349"},"modified":"2025-07-14T14:19:01","modified_gmt":"2025-07-14T11:19:01","slug":"cookies","status":"publish","type":"page","link":"https:\/\/collagena.eu\/cs\/cookies\/","title":{"rendered":"Soubory cookie"},"content":{"rendered":"<p>COOKIES<br \/>\nAbychom zajistili, \u017ee p\u0159i n\u00e1v\u0161t\u011bv\u011b na\u0161ich webov\u00fdch str\u00e1nek obdr\u017e\u00edte nejrelevantn\u011bj\u0161\u00ed informace a nejlep\u0161\u00ed slu\u017eby: collagena.eu \/ ozna\u010dovan\u00e9 jako \u201eWebov\u00e9 str\u00e1nky\u201c nebo \u201eStr\u00e1nky\u201c\/, informace a \u00fadaje budou shroma\u017e\u010fov\u00e1ny pomoc\u00ed tzv. \u201ecookies\u201c. To n\u00e1m (a tak\u00e9 dal\u0161\u00edm opr\u00e1vn\u011bn\u00fdm t\u0159et\u00edm stran\u00e1m) pom\u00e1h\u00e1 poskytovat v\u00e1m personalizovan\u00e9 zku\u0161enosti p\u0159i n\u00e1v\u0161t\u011bv\u011b na\u0161ich str\u00e1nek. To n\u00e1m tak\u00e9 umo\u017e\u0148uje zlep\u0161it na\u0161e slu\u017eby a zajistit, \u017ee m\u016f\u017eete snadno naj\u00edt to, co hled\u00e1te. Chceme, abyste pochopili, jak tyto technologie pou\u017e\u00edv\u00e1me, a proto tyto z\u00e1sady pou\u017e\u00edv\u00e1n\u00ed soubor\u016f cookie vysv\u011btluj\u00ed typy technologi\u00ed, kter\u00e9 pou\u017e\u00edv\u00e1me, co d\u011blaj\u00ed a va\u0161e volby t\u00fdkaj\u00edc\u00ed se jejich pou\u017e\u00edv\u00e1n\u00ed.<\/p>\n<p>Co jsou cookies?<br \/>\nCookies jsou mal\u00e9 \u010d\u00e1sti dat, kter\u00e9 jsou odes\u00edl\u00e1ny do va\u0161eho prohl\u00ed\u017ee\u010de webov\u00fdm serverem a ulo\u017eeny ve va\u0161em za\u0159\u00edzen\u00ed, aby web mohl rozpoznat v\u00e1\u0161 po\u010d\u00edta\u010d. Existuj\u00ed dva typy soubor\u016f cookie \u2013 trval\u00e9 a do\u010dasn\u00e9 nebo \u201esession\u201c soubory cookie. Trval\u00e9 soubory cookie jsou ulo\u017eeny jako soubor na va\u0161em po\u010d\u00edta\u010di nebo mobiln\u00edm za\u0159\u00edzen\u00ed po dlouhou dobu. Soubory cookie relace jsou do\u010dasn\u011b um\u00edst\u011bny na va\u0161em po\u010d\u00edta\u010di, kdy\u017e nav\u0161t\u00edv\u00edte na\u0161e str\u00e1nky, ale zmiz\u00ed, kdy\u017e zav\u0159ete str\u00e1nku, co\u017e znamen\u00e1, \u017ee nejsou trvale ulo\u017eeny ve va\u0161em za\u0159\u00edzen\u00ed. V\u011bt\u0161ina spole\u010dnost\u00ed pou\u017e\u00edv\u00e1 na sv\u00fdch str\u00e1nk\u00e1ch soubory cookie ke zlep\u0161en\u00ed pou\u017eitelnosti. Soubory cookie nemohou po\u0161kodit va\u0161e soubory ani zv\u00fd\u0161it riziko vir\u016f ve va\u0161em po\u010d\u00edta\u010di.<\/p>\n<p>My a na\u0161i poskytovatel\u00e9 slu\u017eeb m\u016f\u017eeme pou\u017e\u00edvat n\u00e1sleduj\u00edc\u00ed typy cookies:<br \/>\nZ\u00e1kladn\u00ed cookies.<br \/>\nTyto soubory cookie jsou nezbytn\u011b nutn\u00e9 k tomu, aby webov\u00e1 str\u00e1nka mohla plnit sv\u00e9 funkce. Pou\u017e\u00edv\u00e1me nap\u0159\u00edklad tyto cookies:<br \/>\n* pro zji\u0161t\u011bn\u00ed pravosti a identity na\u0161ich u\u017eivatel\u016f p\u0159i pou\u017e\u00edv\u00e1n\u00ed na\u0161ich str\u00e1nek, abychom mohli poskytovat na\u0161e slu\u017eby;<br \/>\n* abychom mohli dodr\u017eovat na\u0161e smluvn\u00ed podm\u00ednky a udr\u017eovat bezpe\u010dnost na\u0161ich slu\u017eeb.<\/p>\n<p>V\u00fdkonnostn\u00ed a funk\u010dn\u00ed cookies:<br \/>\nTyto soubory cookie nejsou nezbytn\u011b nutn\u00e9, ale umo\u017e\u0148uj\u00ed n\u00e1m personalizovat va\u0161e online zku\u0161enosti s na\u0161imi webov\u00fdmi str\u00e1nkami. Pou\u017e\u00edv\u00e1me nap\u0159\u00edklad tyto cookies:<br \/>\n* zapamatovat si va\u0161e preference, abyste nemuseli zad\u00e1vat informace, kter\u00e9 jste ji\u017e poskytli poka\u017ed\u00e9 \/nap\u0159\u00edklad kdy\u017e zad\u00e1te sv\u00e9 \u00fadaje pro p\u0159\u00edstup k na\u0161im slu\u017eb\u00e1m \/;<br \/>\n* shroma\u017e\u010fovat informace o tom, jak na\u0161i u\u017eivatel\u00e9 vyu\u017e\u00edvaj\u00ed na\u0161e slu\u017eby, abychom mohli zlep\u0161ovat na\u0161e str\u00e1nky a na\u0161e slu\u017eby a prov\u00e1d\u011bt pr\u016fzkum trhu (nap\u0159\u00edklad: informace o obl\u00edben\u00fdch str\u00e1nk\u00e1ch, prohl\u00ed\u017eec\u00edch n\u00e1vyc\u00edch, po\u010dtu kliknut\u00ed, po\u010dtu sd\u00edlen\u00ed, lajc\u00edch pro dan\u00fd \u010dl\u00e1nek, ned\u00e1vno nav\u0161t\u00edven\u00fdch str\u00e1nk\u00e1ch, hlasov\u00e1n\u00ed o koment\u00e1\u0159\u00edch).<\/p>\n<p>Reklamn\u00ed cookies.<br \/>\nPou\u017e\u00edv\u00e1me nap\u0159\u00edklad tyto cookies:<br \/>\n* k z\u00edsk\u00e1n\u00ed informac\u00ed o tom, jak pou\u017e\u00edv\u00e1te na\u0161e webov\u00e9 str\u00e1nky, jako jsou str\u00e1nky, kter\u00e9 nav\u0161t\u011bvujete, nebo jak reagujete na reklamy, abychom v\u00e1m poskytli reklamy, kter\u00e9 jsou p\u0159izp\u016fsobeny v\u00e1m;<br \/>\n* k ur\u010den\u00ed, kter\u00e9 \u010d\u00e1sti na\u0161ich str\u00e1nek jsou nejobl\u00edben\u011bj\u0161\u00ed;<br \/>\nke sledov\u00e1n\u00ed pou\u017e\u00edv\u00e1n\u00ed na\u0161ich slu\u017eeb a na\u0161ich str\u00e1nek (frekvence a \u010das);<br \/>\n* ke sledov\u00e1n\u00ed \u00fasp\u011b\u0161nosti produktu;<br \/>\nk ur\u010den\u00ed, jak \u010dasto vy a ostatn\u00ed u\u017eivatel\u00e9 nav\u0161t\u011bvujete na\u0161e str\u00e1nky;<br \/>\n* prov\u00e1d\u011bt pr\u016fzkumy, aby mohla b\u00fdt zlep\u0161ena va\u0161e interakce s na\u0161imi webov\u00fdmi str\u00e1nkami a n\u00e1mi samotn\u00fdmi.<br \/>\nTyto soubory cookie jsou \u010dasto zam\u011b\u0159eny na poskytov\u00e1n\u00ed reklam, kter\u00e9 jsou p\u0159izp\u016fsobeny v\u00e1m, a to jak na na\u0161ich str\u00e1nk\u00e1ch, tak mimo n\u011b. Tento druh reklamy se naz\u00fdv\u00e1 \u201ereklama zalo\u017een\u00e1 na z\u00e1jmech\u201c. Mnoh\u00e9 z t\u011bchto typ\u016f soubor\u016f cookie pat\u0159\u00ed na\u0161im poskytovatel\u016fm slu\u017eeb.<\/p>\n<p>Soubory cookie relace.<br \/>\nM\u016f\u017eeme tak\u00e9 pou\u017e\u00edvat rela\u010dn\u00ed cookies, nap\u0159\u00edklad:<br \/>\n* k tomu, abyste se mohli pohybovat mezi jednotliv\u00fdmi str\u00e1nkami na\u0161ich str\u00e1nek, ani\u017e byste se museli znovu p\u0159ihla\u0161ovat, a tak\u00e9 k tomu, abyste se mohli pohybovat mezi str\u00e1nkami ve skupin\u011b collagena.eu. Tento postup se naz\u00fdv\u00e1 \u201ejednotn\u00e9 p\u0159ihla\u0161ov\u00e1n\u00ed\u201c;<br \/>\nabychom v\u00e1s poznali, kdy\u017e se vr\u00e1t\u00edte na na\u0161e str\u00e1nky, abyste mohli vyu\u017e\u00edvat na\u0161e slu\u017eby;<br \/>\n* shroma\u017e\u010fovat odpov\u011bdi na testy, abyste uk\u00e1zali sv\u00e9 sk\u00f3re;<br \/>\n* k ulo\u017een\u00ed odpov\u011bd\u00ed na dotazn\u00edk po jeho vypln\u011bn\u00ed (a abyste nemuseli dotazn\u00edk vypl\u0148ovat v\u00edcekr\u00e1t).<\/p>\n<p>Jak pou\u017e\u00edv\u00e1me cookies?<br \/>\nInformace ze soubor\u016f cookie pou\u017e\u00edv\u00e1me k tomu, aby na\u0161e webov\u00e9 str\u00e1nky byly pro u\u017eivatele p\u0159\u00edjemn\u011bj\u0161\u00ed a u\u017eivatelsky p\u0159\u00edv\u011btiv\u011bj\u0161\u00ed a abychom v\u00e1m mohli poskytovat personalizovan\u00e1 doporu\u010den\u00ed.<\/p>\n<p>Soubory cookie t\u0159et\u00edch stran:<br \/>\nV r\u00e1mci na\u0161ich slu\u017eeb pou\u017e\u00edv\u00e1me tak\u00e9 n\u011bkter\u00e9 soubory cookie t\u0159et\u00edch stran. Tyto soubory cookie jsou spravov\u00e1ny p\u0159\u00edslu\u0161n\u00fdmi webov\u00fdmi str\u00e1nkami a nejsou kontrolov\u00e1ny n\u00e1mi. N\u00ed\u017ee jsou uvedeny soubory cookie t\u0159et\u00edch stran, kter\u00e9 pou\u017e\u00edv\u00e1me, z nich\u017e n\u011bkter\u00e9 mohou b\u00fdt zak\u00e1z\u00e1ny pomoc\u00ed obecn\u00e9ho nastaven\u00ed va\u0161eho prohl\u00ed\u017ee\u010de. Pro ostatn\u00ed mus\u00edte nav\u0161t\u00edvit p\u0159\u00edslu\u0161n\u00e9 str\u00e1nky a postupovat podle uveden\u00fdch pokyn\u016f.<br \/>\nAdsense \u2013 zobrazuje zpr\u00e1vy nebo reklamn\u00ed jednotky podle u\u017eivatele.<br \/>\nGoogle Analytics \u2013 pro generov\u00e1n\u00ed statistik o n\u00e1v\u0161t\u011bvnosti str\u00e1nek a zdroj\u00edch n\u00e1v\u0161t\u011bvnosti, jako\u017e i konverzn\u00edch opat\u0159en\u00edch a prodej\u00edch \u2013 pro odhl\u00e1\u0161en\u00ed viz https:\/\/support.google.com\/analytics\/answer\/181881<\/p>\n<p>Jak jsou cookies smaz\u00e1ny?<br \/>\nM\u016f\u017eete si vybrat, zda chcete cookies p\u0159ijmout, nebo ne. Pokud chcete v\u011bd\u011bt, kdy v\u00e1\u0161 po\u010d\u00edta\u010d obdr\u017e\u00ed soubor cookie, m\u016f\u017eete nastavit prohl\u00ed\u017ee\u010d tak, aby v\u00e1s informoval. To v\u00e1m d\u00e1v\u00e1 mo\u017enost p\u0159ijmout nebo odm\u00edtnout soubor cookie. V\u00e1\u0161 po\u010d\u00edta\u010d m\u016f\u017ee b\u00fdt nastaven tak, aby odm\u00edtl v\u0161echny soubory cookie. Pokud byste cht\u011bli zjistit, jak to ud\u011blat, nav\u0161tivte pros\u00edm aboutcookies.org. Vezm\u011bte pros\u00edm na v\u011bdom\u00ed, \u017ee zm\u011bny ve va\u0161em prohl\u00ed\u017ee\u010di, kter\u00e9 deaktivuj\u00ed soubory cookie, zabr\u00e1n\u00ed spr\u00e1vn\u00e9mu fungov\u00e1n\u00ed n\u011bkter\u00fdch \u010d\u00e1st\u00ed na\u0161ich webov\u00fdch str\u00e1nek, v\u010detn\u011b funkc\u00ed p\u0159ihl\u00e1\u0161en\u00ed a p\u0159ehr\u00e1v\u00e1n\u00ed.<\/p>\n<p>Zm\u011bny v na\u0161ich Z\u00e1sad\u00e1ch pou\u017e\u00edv\u00e1n\u00ed soubor\u016f cookie<br \/>\nVe\u0161ker\u00e9 budouc\u00ed zm\u011bny na\u0161ich Z\u00e1sad pou\u017e\u00edv\u00e1n\u00ed soubor\u016f cookie budou zve\u0159ejn\u011bny na t\u00e9to str\u00e1nce. O jak\u00fdchkoli zm\u011bn\u00e1ch v\u00e1s budeme informovat e-mailem, jak je po\u017eadov\u00e1no v souladu s na\u0161imi smluvn\u00edmi podm\u00ednkami. V\u0161echny zm\u011bny jsou \u00fa\u010dinn\u00e9 okam\u017eit\u011b, s v\u00fdjimkou st\u00e1vaj\u00edc\u00edch z\u00e1kazn\u00edk\u016f, pro kter\u00e9 budou tyto zm\u011bny \u00fa\u010dinn\u00e9 30 dn\u00ed po odesl\u00e1n\u00ed, nen\u00ed-li uvedeno jinak.<\/p>\n<p>Kontaktujte n\u00e1s<br \/>\nUv\u00edt\u00e1me jak\u00e9koli dotazy, p\u0159ipom\u00ednky a po\u017eadavky t\u00fdkaj\u00edc\u00ed se t\u011bchto Z\u00e1sad pou\u017e\u00edv\u00e1n\u00ed soubor\u016f cookie. Za\u0161lete je pros\u00edm na adresu info@collagena.eu.<br \/>\nTato z\u00e1sada byla naposledy aktualizov\u00e1na 01.04.2025<\/p>","protected":false},"excerpt":{"rendered":"<p>Abychom zajistili, \u017ee p\u0159i n\u00e1v\u0161t\u011bv\u011b na\u0161ich webov\u00fdch str\u00e1nek obdr\u017e\u00edte nejrelevantn\u011bj\u0161\u00ed informace a nejlep\u0161\u00ed slu\u017eby: collagena.eu \/ ozna\u010dovan\u00e9 jako \u201eWebov\u00e9 str\u00e1nky\u201c nebo \u201eStr\u00e1nky\u201c\/, informace a \u00fadaje budou shroma\u017e\u010fov\u00e1ny pomoc\u00ed tzv. \u201ecookies\u201c. To n\u00e1m (a tak\u00e9 dal\u0161\u00edm opr\u00e1vn\u011bn\u00fdm t\u0159et\u00edm stran\u00e1m) pom\u00e1h\u00e1 poskytovat<\/p>\n<div class=\"post-permalink\">\n\t\t\t\t\t\t<a href=\"https:\/\/collagena.eu\/cs\/cookies\/\" class=\"btn btn-default\">Pokra\u010dovat ve \u010dten\u00ed<\/a><\/div>","protected":false},"author":1,"featured_media":0,"parent":0,"menu_order":0,"comment_status":"closed","ping_status":"closed","template":"fullwil-page.php","meta":{"footnotes":""},"class_list":["post-3349","page","type-page","status-publish","hentry"],"amp_enabled":true,"_links":{"self":[{"href":"https:\/\/collagena.eu\/cs\/wp-json\/wp\/v2\/pages\/3349","targetHints":{"allow":["GET"]}}],"collection":[{"href":"https:\/\/collagena.eu\/cs\/wp-json\/wp\/v2\/pages"}],"about":[{"href":"https:\/\/collagena.eu\/cs\/wp-json\/wp\/v2\/types\/page"}],"author":[{"embeddable":true,"href":"https:\/\/collagena.eu\/cs\/wp-json\/wp\/v2\/users\/1"}],"replies":[{"embeddable":true,"href":"https:\/\/collagena.eu\/cs\/wp-json\/wp\/v2\/comments?post=3349"}],"version-history":[{"count":3,"href":"https:\/\/collagena.eu\/cs\/wp-json\/wp\/v2\/pages\/3349\/revisions"}],"predecessor-version":[{"id":3473,"href":"https:\/\/collagena.eu\/cs\/wp-json\/wp\/v2\/pages\/3349\/revisions\/3473"}],"wp:attachment":[{"href":"https:\/\/collagena.eu\/cs\/wp-json\/wp\/v2\/media?parent=3349"}],"curies":[{"name":"wp","href":"https:\/\/api.w.org\/{rel}","templated":true}]}}