{"id":3429,"date":"2025-06-25T11:44:54","date_gmt":"2025-06-25T08:44:54","guid":{"rendered":"https:\/\/collagena.eu\/?page_id=3429"},"modified":"2025-06-30T18:36:29","modified_gmt":"2025-06-30T15:36:29","slug":"about","status":"publish","type":"page","link":"https:\/\/collagena.eu\/cs\/about\/","title":{"rendered":"O n\u00e1s"},"content":{"rendered":"<p data-start=\"151\" data-end=\"262\">V\u00edtejte v na\u0161em prostoru v\u011bnovan\u00e9m jedn\u00e9 z nejd\u016fle\u017eit\u011bj\u0161\u00edch l\u00e1tek pro lidsk\u00e9 t\u011blo \u2013 <strong data-start=\"248\" data-end=\"261\">kolagen<\/strong>.<\/p>\n<p data-start=\"264\" data-end=\"534\">Na\u0161e str\u00e1nky byly vytvo\u0159eny s jasn\u00fdm a odpov\u011bdn\u00fdm posl\u00e1n\u00edm:<br data-start=\"310\" data-end=\"313\" \/>\u2047 <strong data-start=\"316\" data-end=\"355\">informovat, vzd\u011bl\u00e1vat a inspirovat<\/strong> lid\u00e9 pochopit, co kolagen skute\u010dn\u011b je, jak\u00e1 je jeho role ve zdrav\u00ed a jak ovliv\u0148uje proces st\u00e1rnut\u00ed, k\u016f\u017ei, klouby a celkovou pohodu.<\/p>\n<p data-start=\"536\" data-end=\"842\">Ve sv\u011bt\u011b pln\u00e9m m\u00fdt\u016f, reklam a protich\u016fdn\u00fdch informac\u00ed v\u011b\u0159\u00edme, \u017ee <strong data-start=\"615\" data-end=\"658\">Znalosti jsou nejlep\u0161\u00ed p\u00e9\u010de o sebe. Proto p\u0159ipravujeme a prezentujeme v\u011bdecky podlo\u017een\u00fd obsah, praktick\u00e9 rady, odborn\u00e9 anal\u00fdzy a odpov\u011bdi na nej\u010dast\u011bji kladen\u00e9 ot\u00e1zky t\u00fdkaj\u00edc\u00ed se kolagenu a souvisej\u00edc\u00edch t\u00e9mat.<\/strong><\/p>\n<h3 data-start=\"844\" data-end=\"870\">Co najdete zde:<\/h3>\n<ul data-start=\"871\" data-end=\"1193\">\n<li data-start=\"871\" data-end=\"912\">\n<p data-start=\"873\" data-end=\"912\">Co je to kolagen a pro\u010d je tak d\u016fle\u017eit\u00fd?<\/p>\n<\/li>\n<li data-start=\"913\" data-end=\"953\">\n<p data-start=\"915\" data-end=\"953\">Jak se jeho \u00farove\u0148 m\u011bn\u00ed s v\u011bkem?<\/p>\n<\/li>\n<li data-start=\"954\" data-end=\"989\">\n<p data-start=\"956\" data-end=\"989\">Jak\u00e9 jsou r\u016fzn\u00e9 typy? kolagen?<\/p>\n<\/li>\n<li data-start=\"990\" data-end=\"1037\">\n<p data-start=\"992\" data-end=\"1037\">Jak vybrat spr\u00e1vn\u00fd dopln\u011bk kolagenu?<\/p>\n<\/li>\n<li data-start=\"1038\" data-end=\"1125\">\n<p data-start=\"1040\" data-end=\"1125\">M\u016f\u017ee n\u00e1\u0161 \u017eivotn\u00ed styl, strava a cvi\u010den\u00ed stimulovat produkci kolagenu?<\/p>\n<\/li>\n<li data-start=\"1126\" data-end=\"1193\">\n<p data-start=\"1128\" data-end=\"1193\">Skute\u010dnost nebo m\u00fdtus: pravdy o kolagenu, st\u00e1rnut\u00ed a kosmetice.<\/p>\n<\/li>\n<\/ul>\n<p data-start=\"1195\" data-end=\"1268\">To v\u0161e \u2013 <strong data-start=\"1209\" data-end=\"1267\">srozumiteln\u00fdm, v\u011bdeck\u00fdm a pe\u010duj\u00edc\u00edm zp\u016fsobem pro va\u0161e zdrav\u00ed<\/strong>.<\/p>\n<p data-start=\"1270\" data-end=\"1460\">Nenab\u00edz\u00edme p\u0159\u00edmou l\u00e9ka\u0159skou pomoc, ale poskytujeme v\u00e1m ov\u011b\u0159en\u00e9 informace, kter\u00e9 v\u00e1m mohou pomoci <strong data-start=\"1400\" data-end=\"1423\">informovan\u011bj\u0161\u00ed volby<\/strong> o va\u0161em zdrav\u00ed a \u017eivotn\u00edm stylu.<\/p>","protected":false},"excerpt":{"rendered":"<p>V\u00edtejte v na\u0161em prostoru v\u011bnovan\u00e9m jedn\u00e9 z nejd\u016fle\u017eit\u011bj\u0161\u00edch l\u00e1tek pro lidsk\u00e9 t\u011blo \u2013 kolagenu. Na\u0161e str\u00e1nky byly vytvo\u0159eny s jasn\u00fdm a odpov\u011bdn\u00fdm posl\u00e1n\u00edm: \u2047  informovat, vzd\u011bl\u00e1vat a inspirovat lidi, aby pochopili, co kolagen skute\u010dn\u011b je, jak\u00e1 je jeho role ve zdrav\u00ed a jak to ovliv\u0148uje<\/p>\n<div class=\"post-permalink\">\n\t\t\t\t\t\t<a href=\"https:\/\/collagena.eu\/cs\/about\/\" class=\"btn btn-default\">Pokra\u010dovat ve \u010dten\u00ed<\/a><\/div>","protected":false},"author":1,"featured_media":0,"parent":0,"menu_order":0,"comment_status":"closed","ping_status":"closed","template":"","meta":{"footnotes":""},"class_list":["post-3429","page","type-page","status-publish","hentry"],"amp_enabled":true,"_links":{"self":[{"href":"https:\/\/collagena.eu\/cs\/wp-json\/wp\/v2\/pages\/3429","targetHints":{"allow":["GET"]}}],"collection":[{"href":"https:\/\/collagena.eu\/cs\/wp-json\/wp\/v2\/pages"}],"about":[{"href":"https:\/\/collagena.eu\/cs\/wp-json\/wp\/v2\/types\/page"}],"author":[{"embeddable":true,"href":"https:\/\/collagena.eu\/cs\/wp-json\/wp\/v2\/users\/1"}],"replies":[{"embeddable":true,"href":"https:\/\/collagena.eu\/cs\/wp-json\/wp\/v2\/comments?post=3429"}],"version-history":[{"count":2,"href":"https:\/\/collagena.eu\/cs\/wp-json\/wp\/v2\/pages\/3429\/revisions"}],"predecessor-version":[{"id":3474,"href":"https:\/\/collagena.eu\/cs\/wp-json\/wp\/v2\/pages\/3429\/revisions\/3474"}],"wp:attachment":[{"href":"https:\/\/collagena.eu\/cs\/wp-json\/wp\/v2\/media?parent=3429"}],"curies":[{"name":"wp","href":"https:\/\/api.w.org\/{rel}","templated":true}]}}