{"id":3,"date":"2025-04-01T20:36:35","date_gmt":"2025-04-01T20:36:35","guid":{"rendered":"http:\/\/collagena.eu\/?page_id=3"},"modified":"2025-07-14T14:18:50","modified_gmt":"2025-07-14T11:18:50","slug":"terms","status":"publish","type":"page","link":"https:\/\/collagena.eu\/de\/terms\/","title":{"rendered":"Konditionen"},"content":{"rendered":"<h3>ERHEBUNG UND VERARBEITUNG PERSONENBEZOGENER DATEN<\/h3>\n<p>Personenbezogene Daten sind Informationen, die dazu dienen, Sie zu identifizieren, z.B. Name, Anschrift, E-Mail-Adresse oder Postanschrift. Collagena.eu erhebt keine personenbezogenen Daten von Ihnen, es sei denn, Sie geben diese in besonderen F\u00e4llen an, beispielsweise bei der Bestellung von Produkten oder beim Abonnieren von Newslettern.<\/p>\n<h3>NUTZUNG UND LAGERUNG PERSONENBEZOGENER DATEN<\/h3>\n<p>Collagena.eu kann Ihre personenbezogenen Daten verwenden f\u00fcr: die Zwecke der technischen Verwaltung der Website, um Ihnen Zugang zu speziellen Informationen zu gew\u00e4hren, f\u00fcr die allgemeine Kommunikation mit Ihnen oder bei der Durchf\u00fchrung von Fernverk\u00e4ufen eines Produkts von Collagena.eu. Collagena.eu ist verpflichtet, die Vertraulichkeit Ihrer Daten zu sch\u00fctzen und eine Vereinbarung \u00fcber die Offenlegung vertraulicher Informationen einzuhalten.<\/p>\n<h3>Wahlfreiheit<\/h3>\n<p>Sie kontrollieren die Informationen, die Sie Collagena.eu zur Verf\u00fcgung stellen. Wenn Sie sich jedoch daf\u00fcr entscheiden, diese Informationen nicht mit collagena.eu zu teilen, beachten Sie bitte, dass Sie m\u00f6glicherweise nicht auf einige Bereiche der Website zugreifen k\u00f6nnen. Benutzer, die sich entschieden haben, sich vom Newsletter abzumelden, k\u00f6nnen den Erhalt dieser Mitteilungen einstellen.<\/p>\n<h3>AUTOMATISCH ERHOBENE INFORMATIONEN<\/h3>\n<p>Wenn Sie auf die Website collagena.eu zugreifen, werden einige allgemeine nicht personenbezogene Daten (verwendeter Internetbrowser, Anzahl der Besuche, durchschnittliche Verweildauer auf der Website, betrachtete Seiten) automatisch erfasst (nicht im Rahmen der Registrierung). Diese Informationen werden verwendet, um die Attraktivit\u00e4t unserer Website zu beurteilen und deren Inhalt und Funktionalit\u00e4t zu verbessern. Ihre Daten werden nicht mit Google Analytics verarbeitet.<\/p>\n<h3>\u201eCOOKIES\u201c<\/h3>\n<p>\u201eCookies\u201c sind kleine Dateien, die vor\u00fcbergehend auf Ihrer Festplatte gespeichert werden und es unserer Website erm\u00f6glichen, Ihren Computer beim n\u00e4chsten Besuch der Website Collagena.eu wiederzuerkennen. collagena.eu verwendet \u201eCookies\u201c ausschlie\u00dflich, um Informationen \u00fcber die Nutzung unserer Website zu sammeln.<br \/>\nWeitere Informationen finden Sie unter: <a href=\"https:\/\/collagena.eu\/de\/cookies\/\">Cookies<\/a><\/p>\n<h3>SICHERHEIT<\/h3>\n<p>collagena.eu legt gro\u00dfen Wert auf die Sicherheit Ihrer personenbezogenen Daten. Ihre Daten werden sorgf\u00e4ltig vor Verlust, Zerst\u00f6rung, Verzerrung\/F\u00e4lschung, Manipulation und unbefugtem Zugriff oder unbefugter Offenlegung gesch\u00fctzt.<\/p>\n<h3>\u00c4NDERUNGSBEMERKUNG<\/h3>\n<p>Alle \u00c4nderungen unserer Datenschutzerkl\u00e4rung werden in der Datenschutzerkl\u00e4rung, auf der Homepage und an anderen Stellen, die wir f\u00fcr angemessen halten, bekannt gegeben.<\/p>\n<p>Die von Ihnen angegebenen personenbezogenen Daten werden von collagena.eu verwendet, um eine personalisierte Kommunikation mit Ihnen \u00fcber die Produkte, Angebote, Veranstaltungen von collagena.eu per E-Mail, Telefon und \/ oder Katalog oder \u00fcber andere Kommunikationsmittel und -kan\u00e4le mit Ihnen durchzuf\u00fchren.<\/p>\n<p>Wenn Sie in die Verarbeitung Ihrer personenbezogenen Daten durch collagena.eu eingewilligt haben, kann es diese auch verwenden, um Umfragen, statistische Studien, interne Analysen durchzuf\u00fchren und \/ oder Ihnen personalisierte Werbebotschaften auf der Grundlage personenbezogener Daten zu senden, die Sie in fr\u00fcheren Bestellungen auf der Grundlage berechtigter Interessen zur Verf\u00fcgung gestellt haben.<\/p>\n<p>collagena.eu verarbeitet und speichert Ihre personenbezogenen Daten, solange es Ihre g\u00fcltige Zustimmung dazu hat. Sie k\u00f6nnen Ihre Einwilligung zur Verarbeitung Ihrer personenbezogenen Daten jederzeit widerrufen, indem Sie auf die Schaltfl\u00e4che unten rechts klicken. Der Widerruf Ihrer Einwilligung ber\u00fchrt nicht die Rechtm\u00e4\u00dfigkeit der Verarbeitung aufgrund der Einwilligung vor deren Widerruf.<\/p>\n<p>Wenn Sie der Verarbeitung Ihrer personenbezogenen Daten auf collagena.eu nicht zugestimmt haben, erhalten Sie keine Benachrichtigungen, personalisierten Angebote und Informationen \u00fcber die Produkte, Angebote und Veranstaltungen von Collagena.eu.<\/p>","protected":false},"excerpt":{"rendered":"<p>Erhebung und Verarbeitung personenbezogener Daten Personenbezogene Daten sind Informationen, die dazu dienen, Sie zu identifizieren, z.B. Name, Anschrift, E-Mail-Adresse oder Postanschrift. Collagena.eu erhebt keine personenbezogenen Daten von Ihnen, es sei denn, Sie geben diese in besonderen F\u00e4llen an, beispielsweise bei der Bestellung von Produkten oder beim Abonnieren von Newslettern. VERWENDUNG UND LAGERUNG VON<\/p>\n<div class=\"post-permalink\">\n\t\t\t\t\t\t<a href=\"https:\/\/collagena.eu\/de\/terms\/\" class=\"btn btn-default\">Weiterlesen<\/a><\/div>","protected":false},"author":1,"featured_media":0,"parent":0,"menu_order":0,"comment_status":"closed","ping_status":"closed","template":"fullwil-page.php","meta":{"footnotes":""},"class_list":["post-3","page","type-page","status-publish","hentry"],"amp_enabled":true,"_links":{"self":[{"href":"https:\/\/collagena.eu\/de\/wp-json\/wp\/v2\/pages\/3","targetHints":{"allow":["GET"]}}],"collection":[{"href":"https:\/\/collagena.eu\/de\/wp-json\/wp\/v2\/pages"}],"about":[{"href":"https:\/\/collagena.eu\/de\/wp-json\/wp\/v2\/types\/page"}],"author":[{"embeddable":true,"href":"https:\/\/collagena.eu\/de\/wp-json\/wp\/v2\/users\/1"}],"replies":[{"embeddable":true,"href":"https:\/\/collagena.eu\/de\/wp-json\/wp\/v2\/comments?post=3"}],"version-history":[{"count":4,"href":"https:\/\/collagena.eu\/de\/wp-json\/wp\/v2\/pages\/3\/revisions"}],"predecessor-version":[{"id":3476,"href":"https:\/\/collagena.eu\/de\/wp-json\/wp\/v2\/pages\/3\/revisions\/3476"}],"wp:attachment":[{"href":"https:\/\/collagena.eu\/de\/wp-json\/wp\/v2\/media?parent=3"}],"curies":[{"name":"wp","href":"https:\/\/api.w.org\/{rel}","templated":true}]}}