{"id":3349,"date":"2025-04-06T19:25:34","date_gmt":"2025-04-06T16:25:34","guid":{"rendered":"https:\/\/collagena.eu\/?page_id=3349"},"modified":"2025-07-14T14:19:01","modified_gmt":"2025-07-14T11:19:01","slug":"cookies","status":"publish","type":"page","link":"https:\/\/collagena.eu\/de\/cookies\/","title":{"rendered":"Cookies"},"content":{"rendered":"<p>COOKIES<br \/>\nUm sicherzustellen, dass Sie die relevantesten Informationen und die besten Dienstleistungen erhalten, wenn Sie unsere Websites besuchen: Collagena.eu\/als \u201eWebsites\u201c oder \u201eWebsites\u201c\/ bezeichnet, werden Informationen und Daten durch die Verwendung sogenannter \u201eCookies\u201c gesammelt. Dies hilft uns (und auch anderen autorisierten Dritten), Ihnen ein personalisiertes Erlebnis zu bieten, wenn Sie unsere Websites besuchen. Es erm\u00f6glicht uns auch, unsere Dienstleistungen zu verbessern und sicherzustellen, dass Sie leicht finden k\u00f6nnen, was Sie suchen. Wir m\u00f6chten, dass Sie verstehen, wie wir diese Technologien verwenden, daher erkl\u00e4rt diese Cookie-Richtlinie die Arten von Technologien, die wir verwenden, was sie tun und Ihre Entscheidungen in Bezug auf ihre Verwendung.<\/p>\n<p>Was sind Cookies?<br \/>\nCookies sind kleine Daten, die von einem Webserver an Ihren Browser gesendet und auf Ihrem Ger\u00e4t gespeichert werden, damit die Website Ihren Computer erkennen kann. Es gibt zwei Arten von Cookies \u2013 persistente und tempor\u00e4re Cookies oder \u201eSitzungscookies\u201c. Persistente Cookies werden \u00fcber einen l\u00e4ngeren Zeitraum als Datei auf Ihrem Computer oder Mobilger\u00e4t gespeichert. Sitzungscookies werden vor\u00fcbergehend auf Ihrem Computer gespeichert, wenn Sie unsere Website besuchen, verschwinden jedoch, wenn Sie die Seite schlie\u00dfen, was bedeutet, dass sie nicht dauerhaft auf Ihrem Ger\u00e4t gespeichert werden. Die meisten Unternehmen verwenden Cookies auf ihren Websites, um die Benutzerfreundlichkeit zu verbessern. Cookies k\u00f6nnen Ihre Dateien nicht besch\u00e4digen oder das Risiko von Viren auf Ihrem Computer erh\u00f6hen.<\/p>\n<p>Wir und unsere Dienstleister k\u00f6nnen die folgenden Arten von Cookies verwenden:<br \/>\nUnverzichtbare Cookies.<br \/>\nDiese Cookies sind unbedingt erforderlich, damit die Website ihre Funktionen erf\u00fcllen kann. Wir verwenden diese Cookies zum Beispiel:<br \/>\n* um die Authentizit\u00e4t und Identit\u00e4t unserer Benutzer zu ermitteln, wenn sie unsere Website nutzen, damit wir unsere Dienstleistungen erbringen k\u00f6nnen;<br \/>\n* um es uns zu erm\u00f6glichen, unsere Allgemeinen Gesch\u00e4ftsbedingungen einzuhalten und die Sicherheit unserer Dienstleistungen aufrechtzuerhalten.<\/p>\n<p>Leistungs- und Funktionalit\u00e4ts-Cookies:<br \/>\nDiese Cookies sind nicht unbedingt notwendig, aber sie erm\u00f6glichen es uns, Ihre Online-Erfahrung mit unseren Websites zu personalisieren. Wir verwenden diese Cookies zum Beispiel:<br \/>\n* um sich an Ihre Pr\u00e4ferenzen zu erinnern, damit Sie nicht jedes Mal Informationen eingeben m\u00fcssen, die Sie bereits angegeben haben \/ zum Beispiel, wenn Sie Ihre Daten eingeben, um auf unsere Dienste zuzugreifen \/;<br \/>\n* um Informationen dar\u00fcber zu sammeln, wie unsere Nutzer unsere Dienste nutzen, damit wir unsere Website und unsere Dienste verbessern und Marktforschung betreiben k\u00f6nnen (z.B.: Informationen \u00fcber beliebte Seiten, Anzeigegewohnheiten, Anzahl der Klicks, Anzahl der Shares, Likes f\u00fcr einen bestimmten Artikel, zuletzt besuchte Seiten, Abstimmung \u00fcber Kommentare).<\/p>\n<p>Werbe-Cookies.<br \/>\nWir verwenden diese Cookies zum Beispiel:<br \/>\num Informationen dar\u00fcber zu erhalten, wie Sie unsere Websites nutzen, wie z.B. die von Ihnen besuchten Seiten oder wie Sie auf Werbung reagieren, um Ihnen auf Sie zugeschnittene Werbung bereitzustellen;<br \/>\n* um festzustellen, welche Teile unserer Websites am beliebtesten sind;<br \/>\n* um die Nutzung unserer Dienste und unserer Websites (H\u00e4ufigkeit und Zeit) zu verfolgen;<br \/>\n* um den Erfolg eines Produkts zu \u00fcberwachen;<br \/>\num festzustellen, wie oft Sie und andere Benutzer unsere Websites besuchen;<br \/>\n* um Umfragen durchzuf\u00fchren, damit Ihre Interaktion mit unseren Websites und uns selbst verbessert werden kann.<br \/>\nH\u00e4ufig zielen diese Cookies darauf ab, Werbung bereitzustellen, die auf Sie zugeschnitten ist \u2013 sowohl auf als auch au\u00dferhalb unserer Websites. Diese Art der Werbung wird als \u201einteressenbasierte Werbung\u201c bezeichnet. Viele dieser Arten von Cookies geh\u00f6ren unseren Dienstleistern.<\/p>\n<p>Sitzungscookies.<br \/>\nWir k\u00f6nnen auch Session-Cookies verwenden, zum Beispiel:<br \/>\n* um es Ihnen zu erm\u00f6glichen, zwischen einzelnen Seiten unserer Website zu wechseln, ohne sich erneut anmelden zu m\u00fcssen, sowie zwischen Websites in der Gruppe collagena.eu zu wechseln. Diese Praxis wird als \u201eSingle Sign-On\u201c bezeichnet.<br \/>\num Sie wiederzuerkennen, wenn Sie auf unsere Website zur\u00fcckkehren, um unsere Dienste zu nutzen;<br \/>\n* um Testantworten zu sammeln, um Ihre Punktzahl zu zeigen;<br \/>\n* um die Antworten auf ein Umfrageformular nach dem Ausf\u00fcllen zu speichern (und damit Sie das Umfrageformular nicht mehrmals ausf\u00fcllen m\u00fcssen).<\/p>\n<p>Wie verwenden wir Cookies?<br \/>\nWir verwenden Informationen aus Cookies, um unsere Websites f\u00fcr die Nutzer angenehmer und benutzerfreundlicher zu gestalten und Ihnen personalisierte Empfehlungen geben zu k\u00f6nnen.<\/p>\n<p>Cookies von Drittanbietern:<br \/>\nWir verwenden auch einige Cookies von Drittanbietern als Teil unserer Dienste. Diese Cookies werden von den jeweiligen Websites verwaltet und nicht von uns kontrolliert. Nachfolgend finden Sie die von uns verwendeten Cookies von Drittanbietern, von denen einige \u00fcber die allgemeinen Einstellungen Ihres Browsers deaktiviert werden k\u00f6nnen. F\u00fcr andere m\u00fcssen Sie die jeweiligen Websites besuchen und den Anweisungen folgen.<br \/>\nAdsense \u2013 zeigt Nachrichten oder Anzeigeneinheiten je nach Nutzer an.<br \/>\nGoogle Analytics \u2013 um Statistiken \u00fcber Website-Traffic und Traffic-Quellen sowie Conversion-Ma\u00dfnahmen und Verk\u00e4ufe zu generieren \u2013 um sich abzumelden, siehe hier https:\/\/support.google.com\/analytics\/answer\/181881<\/p>\n<p>Wie werden Cookies gel\u00f6scht?<br \/>\nSie k\u00f6nnen w\u00e4hlen, ob Sie Cookies akzeptieren oder nicht. Wenn Sie wissen m\u00f6chten, wann Ihr Computer ein Cookie erh\u00e4lt, k\u00f6nnen Sie Ihren Browser so einstellen, dass er Sie benachrichtigt. Dies gibt Ihnen die M\u00f6glichkeit, ein Cookie zu akzeptieren oder abzulehnen. Ihr Computer kann so eingestellt werden, dass er alle Cookies ablehnt. Wenn Sie wissen m\u00f6chten, wie Sie dies tun k\u00f6nnen, besuchen Sie aboutcookies.org. Bitte beachten Sie, dass \u00c4nderungen an Ihrem Browser, die Cookies deaktivieren, verhindern, dass Teile unserer Websites ordnungsgem\u00e4\u00df funktionieren, einschlie\u00dflich der Anmelde- und Wiedergabefunktionen.<\/p>\n<p>\u00c4nderungen an unserer Cookie-Richtlinie<br \/>\nAlle zuk\u00fcnftigen \u00c4nderungen unserer Cookie-Richtlinie werden auf dieser Seite ver\u00f6ffentlicht. Wir werden Sie \u00fcber alle \u00c4nderungen gem\u00e4\u00df unseren Allgemeinen Gesch\u00e4ftsbedingungen per E-Mail benachrichtigen. Alle \u00c4nderungen sind sofort wirksam, au\u00dfer f\u00fcr bestehende Kunden, f\u00fcr die solche \u00c4nderungen 30 Tage nach der Ver\u00f6ffentlichung wirksam werden, sofern nicht anders angegeben.<\/p>\n<p>Kontaktieren Sie uns<br \/>\nWir freuen uns \u00fcber alle Fragen, Kommentare und Anfragen zu dieser Cookie-Richtlinie. Bitte senden Sie diese an info@collagena.eu.<br \/>\nDiese Richtlinie wurde zuletzt am 01.04.2025 aktualisiert.<\/p>","protected":false},"excerpt":{"rendered":"<p>COOKIES Um sicherzustellen, dass Sie die relevantesten Informationen und die besten Dienstleistungen erhalten, wenn Sie unsere Websites besuchen: Collagena.eu\/als \u201eWebsites\u201c oder \u201eWebsites\u201c\/ bezeichnet, werden Informationen und Daten durch die Verwendung sogenannter \u201eCookies\u201c gesammelt. Dies hilft uns (und auch anderen autorisierten Dritten),<\/p>\n<div class=\"post-permalink\">\n\t\t\t\t\t\t<a href=\"https:\/\/collagena.eu\/de\/cookies\/\" class=\"btn btn-default\">Weiterlesen<\/a><\/div>","protected":false},"author":1,"featured_media":0,"parent":0,"menu_order":0,"comment_status":"closed","ping_status":"closed","template":"fullwil-page.php","meta":{"footnotes":""},"class_list":["post-3349","page","type-page","status-publish","hentry"],"amp_enabled":true,"_links":{"self":[{"href":"https:\/\/collagena.eu\/de\/wp-json\/wp\/v2\/pages\/3349","targetHints":{"allow":["GET"]}}],"collection":[{"href":"https:\/\/collagena.eu\/de\/wp-json\/wp\/v2\/pages"}],"about":[{"href":"https:\/\/collagena.eu\/de\/wp-json\/wp\/v2\/types\/page"}],"author":[{"embeddable":true,"href":"https:\/\/collagena.eu\/de\/wp-json\/wp\/v2\/users\/1"}],"replies":[{"embeddable":true,"href":"https:\/\/collagena.eu\/de\/wp-json\/wp\/v2\/comments?post=3349"}],"version-history":[{"count":3,"href":"https:\/\/collagena.eu\/de\/wp-json\/wp\/v2\/pages\/3349\/revisions"}],"predecessor-version":[{"id":3473,"href":"https:\/\/collagena.eu\/de\/wp-json\/wp\/v2\/pages\/3349\/revisions\/3473"}],"wp:attachment":[{"href":"https:\/\/collagena.eu\/de\/wp-json\/wp\/v2\/media?parent=3349"}],"curies":[{"name":"wp","href":"https:\/\/api.w.org\/{rel}","templated":true}]}}