{"id":3429,"date":"2025-06-25T11:44:54","date_gmt":"2025-06-25T08:44:54","guid":{"rendered":"https:\/\/collagena.eu\/?page_id=3429"},"modified":"2025-06-30T18:36:29","modified_gmt":"2025-06-30T15:36:29","slug":"about","status":"publish","type":"page","link":"https:\/\/collagena.eu\/de\/about\/","title":{"rendered":"\u00dcber uns"},"content":{"rendered":"<p data-start=\"151\" data-end=\"262\">Willkommen in unserem Raum, der einem der wichtigsten Stoffe f\u00fcr den menschlichen K\u00f6rper gewidmet ist \u2013 <strong data-start=\"248\" data-end=\"261\">Kollagen<\/strong>.<\/p>\n<p data-start=\"264\" data-end=\"534\">Unsere Website wurde mit einer klaren und verantwortungsvollen Mission erstellt:<br data-start=\"310\" data-end=\"313\" \/>\u2047 <strong data-start=\"316\" data-end=\"355\">informieren, erziehen und inspirieren<\/strong> Menschen verstehen, was Kollagen wirklich ist, welche Rolle es f\u00fcr die Gesundheit spielt und wie es den Alterungsprozess, die Haut, die Gelenke und das allgemeine Wohlbefinden beeinflusst.<\/p>\n<p data-start=\"536\" data-end=\"842\">In einer Welt voller Mythen, Werbung und widerspr\u00fcchlicher Informationen glauben wir, dass <strong data-start=\"615\" data-end=\"658\">Wissen ist die beste Selbstf\u00fcrsorge. Deshalb kuratieren und pr\u00e4sentieren wir wissenschaftlich fundierte Inhalte, praktische Ratschl\u00e4ge, Expertenanalysen und Antworten auf die am h\u00e4ufigsten gestellten Fragen zu Kollagen und verwandten Themen.<\/strong><\/p>\n<h3 data-start=\"844\" data-end=\"870\">Was Sie hier finden:<\/h3>\n<ul data-start=\"871\" data-end=\"1193\">\n<li data-start=\"871\" data-end=\"912\">\n<p data-start=\"873\" data-end=\"912\">Was ist Kollagen und warum ist es so wichtig?<\/p>\n<\/li>\n<li data-start=\"913\" data-end=\"953\">\n<p data-start=\"915\" data-end=\"953\">Wie ver\u00e4ndern sich die Werte mit dem Alter?<\/p>\n<\/li>\n<li data-start=\"954\" data-end=\"989\">\n<p data-start=\"956\" data-end=\"989\">Was sind die verschiedenen Arten? Kollagen?<\/p>\n<\/li>\n<li data-start=\"990\" data-end=\"1037\">\n<p data-start=\"992\" data-end=\"1037\">Wie w\u00e4hlt man die richtige Kollagen-Erg\u00e4nzung?<\/p>\n<\/li>\n<li data-start=\"1038\" data-end=\"1125\">\n<p data-start=\"1040\" data-end=\"1125\">Kann unser Lebensstil, unsere Ern\u00e4hrung und Bewegung die Kollagenproduktion stimulieren?<\/p>\n<\/li>\n<li data-start=\"1126\" data-end=\"1193\">\n<p data-start=\"1128\" data-end=\"1193\">Realit\u00e4t oder Mythos: Wahrheiten \u00fcber Kollagen, Alterung und Kosmetik.<\/p>\n<\/li>\n<\/ul>\n<p data-start=\"1195\" data-end=\"1268\">All dies \u2013 <strong data-start=\"1209\" data-end=\"1267\">auf zug\u00e4ngliche, wissenschaftliche und f\u00fcrsorgliche Weise f\u00fcr Ihre Gesundheit erz\u00e4hlt<\/strong>.<\/p>\n<p data-start=\"1270\" data-end=\"1460\">Wir bieten keine direkte medizinische Beratung an, aber wir stellen Ihnen verifizierte Informationen zur Verf\u00fcgung, die Ihnen helfen k\u00f6nnen, <strong data-start=\"1400\" data-end=\"1423\">fundiertere Wahlm\u00f6glichkeiten<\/strong> \u00fcber Ihre Gesundheit und Ihren Lebensstil.<\/p>","protected":false},"excerpt":{"rendered":"<p>Willkommen in unserem Raum, der einer der wichtigsten Substanzen f\u00fcr den menschlichen K\u00f6rper gewidmet ist \u2013 Kollagen. Unsere Website wurde mit einer klaren und verantwortungsvollen Mission erstellt:  \u2047  um Menschen zu informieren, zu erziehen und zu inspirieren, zu verstehen, was Kollagen wirklich ist, welche Rolle es f\u00fcr die Gesundheit spielt und wie es sich auswirkt<\/p>\n<div class=\"post-permalink\">\n\t\t\t\t\t\t<a href=\"https:\/\/collagena.eu\/de\/about\/\" class=\"btn btn-default\">Weiterlesen<\/a><\/div>","protected":false},"author":1,"featured_media":0,"parent":0,"menu_order":0,"comment_status":"closed","ping_status":"closed","template":"","meta":{"footnotes":""},"class_list":["post-3429","page","type-page","status-publish","hentry"],"amp_enabled":true,"_links":{"self":[{"href":"https:\/\/collagena.eu\/de\/wp-json\/wp\/v2\/pages\/3429","targetHints":{"allow":["GET"]}}],"collection":[{"href":"https:\/\/collagena.eu\/de\/wp-json\/wp\/v2\/pages"}],"about":[{"href":"https:\/\/collagena.eu\/de\/wp-json\/wp\/v2\/types\/page"}],"author":[{"embeddable":true,"href":"https:\/\/collagena.eu\/de\/wp-json\/wp\/v2\/users\/1"}],"replies":[{"embeddable":true,"href":"https:\/\/collagena.eu\/de\/wp-json\/wp\/v2\/comments?post=3429"}],"version-history":[{"count":2,"href":"https:\/\/collagena.eu\/de\/wp-json\/wp\/v2\/pages\/3429\/revisions"}],"predecessor-version":[{"id":3474,"href":"https:\/\/collagena.eu\/de\/wp-json\/wp\/v2\/pages\/3429\/revisions\/3474"}],"wp:attachment":[{"href":"https:\/\/collagena.eu\/de\/wp-json\/wp\/v2\/media?parent=3429"}],"curies":[{"name":"wp","href":"https:\/\/api.w.org\/{rel}","templated":true}]}}