{"id":3,"date":"2025-04-01T20:36:35","date_gmt":"2025-04-01T20:36:35","guid":{"rendered":"http:\/\/collagena.eu\/?page_id=3"},"modified":"2025-07-14T14:18:50","modified_gmt":"2025-07-14T11:18:50","slug":"terms","status":"publish","type":"page","link":"https:\/\/collagena.eu\/es\/terms\/","title":{"rendered":"T\u00e9rminos"},"content":{"rendered":"<h3>RECOPILACI\u00d3N Y TRATAMIENTO DE DATOS PERSONALES<\/h3>\n<p>Los datos personales son informaci\u00f3n que sirve para identificarlo, es decir, nombre, direcci\u00f3n, correo electr\u00f3nico o direcci\u00f3n postal. Collagena.eu no recopila datos personales de usted a menos que los proporcione en casos especiales, por ejemplo, al ordenar productos o suscribirse a boletines informativos.<\/p>\n<h3>USO Y ALMACENAMIENTO DE DATOS PERSONALES<\/h3>\n<p>Collagena.eu puede utilizar sus datos personales para: los fines de la gesti\u00f3n t\u00e9cnica del sitio, para proporcionarle acceso a informaci\u00f3n especial, para la comunicaci\u00f3n general con usted o al realizar ventas a distancia de un producto de Collagena.eu. Collagena.eu est\u00e1 obligado a proteger la confidencialidad de sus datos y cumplir con un acuerdo para la divulgaci\u00f3n de informaci\u00f3n confidencial.<\/p>\n<h3>LIBERTAD DE ELECCI\u00d3N<\/h3>\n<p>Usted controla la informaci\u00f3n que proporciona a collagena.eu. Sin embargo, si decide no compartir esta informaci\u00f3n con collagena.eu, tenga en cuenta que es posible que no pueda acceder a algunas \u00e1reas del sitio. Los usuarios que hayan decidido darse de baja del bolet\u00edn pueden dejar de recibir estas comunicaciones.<\/p>\n<h3>INFORMACI\u00d3N REGISTRADA AUTOM\u00c1TICAMENTE<\/h3>\n<p>Cuando accede al sitio web collagena.eu, algunos datos generales no personales (navegador de Internet utilizado, n\u00famero de visitas, tiempo medio de permanencia en el sitio web, p\u00e1ginas visitadas) se registran autom\u00e1ticamente (no como parte del registro). Esta informaci\u00f3n se utiliza para evaluar cu\u00e1n atractivo es nuestro sitio web y para mejorar su contenido y funcionalidad. Sus datos no se procesan con Google Analytics.<\/p>\n<h3>\u00abCOOKIES\u00bb<\/h3>\n<p>Las \u00abcookies\u00bb son peque\u00f1os archivos que se almacenan temporalmente en su disco duro y permiten que nuestro sitio web reconozca su ordenador la pr\u00f3xima vez que visite el sitio web Collagena.eu. collagena.eu utiliza \u00abcookies\u00bb \u00fanicamente para recopilar informaci\u00f3n sobre el uso de nuestro sitio web.<br \/>\nPuede obtener m\u00e1s informaci\u00f3n en: <a href=\"https:\/\/collagena.eu\/es\/cookies\/\">Cookies<\/a><\/p>\n<h3>SEGURIDAD<\/h3>\n<p>collagena.eu concede gran importancia a garantizar la seguridad de sus datos personales. Sus datos est\u00e1n cuidadosamente protegidos contra p\u00e9rdida, destrucci\u00f3n, distorsi\u00f3n\/falsificaci\u00f3n, manipulaci\u00f3n y acceso no autorizado o divulgaci\u00f3n no autorizada.<\/p>\n<h3>AVISO DE CAMBIOS<\/h3>\n<p>Todos los cambios a nuestra pol\u00edtica de privacidad se anunciar\u00e1n en la declaraci\u00f3n de privacidad, en la p\u00e1gina de inicio y en otros lugares que consideremos apropiados.<\/p>\n<p>Los datos personales que nos facilite ser\u00e1n utilizados por collagena.eu para llevar a cabo una comunicaci\u00f3n personalizada con usted sobre los productos, ofertas, eventos de collagena.eu por correo electr\u00f3nico, tel\u00e9fono y\/o cat\u00e1logo o por cualquier otro medio y canales de comunicaci\u00f3n con usted.<\/p>\n<p>En caso de que haya dado su consentimiento para el tratamiento de sus datos personales por parte de collagena.eu, tambi\u00e9n puede utilizarlos para realizar encuestas, estudios estad\u00edsticos, an\u00e1lisis internos y \/ o enviarle mensajes publicitarios personalizados basados en datos personales proporcionados por usted en pedidos anteriores, sobre la base de intereses leg\u00edtimos.<\/p>\n<p>collagena.eu procesar\u00e1 y almacenar\u00e1 sus datos personales siempre que cuente con su consentimiento v\u00e1lido para hacerlo. Puede retirar su consentimiento para el procesamiento de sus datos personales en cualquier momento haciendo clic en el bot\u00f3n de abajo a la derecha. Retirar su consentimiento no afecta a la licitud del procesamiento basado en el consentimiento antes de que fuera retirado.<\/p>\n<p>Si no ha dado su consentimiento para el tratamiento de sus datos personales en collagena.eu, no recibir\u00e1 notificaciones, ofertas personalizadas ni informaci\u00f3n sobre los productos, ofertas y eventos de Collagena.eu.<\/p>","protected":false},"excerpt":{"rendered":"<p>RECOPILACI\u00d3N Y TRATAMIENTO DE DATOS PERSONALES Los datos personales son informaci\u00f3n que sirve para identificarle, es decir, nombre, direcci\u00f3n, correo electr\u00f3nico o direcci\u00f3n postal. Collagena.eu no recopila datos personales de usted a menos que los proporcione en casos especiales, por ejemplo, al ordenar productos o suscribirse a boletines informativos. USO Y ALMACENAMIENTO DE<\/p>\n<div class=\"post-permalink\">\n\t\t\t\t\t\t<a href=\"https:\/\/collagena.eu\/es\/terms\/\" class=\"btn btn-default\">Continuar leyendo<\/a><\/div>","protected":false},"author":1,"featured_media":0,"parent":0,"menu_order":0,"comment_status":"closed","ping_status":"closed","template":"fullwil-page.php","meta":{"footnotes":""},"class_list":["post-3","page","type-page","status-publish","hentry"],"amp_enabled":true,"_links":{"self":[{"href":"https:\/\/collagena.eu\/es\/wp-json\/wp\/v2\/pages\/3","targetHints":{"allow":["GET"]}}],"collection":[{"href":"https:\/\/collagena.eu\/es\/wp-json\/wp\/v2\/pages"}],"about":[{"href":"https:\/\/collagena.eu\/es\/wp-json\/wp\/v2\/types\/page"}],"author":[{"embeddable":true,"href":"https:\/\/collagena.eu\/es\/wp-json\/wp\/v2\/users\/1"}],"replies":[{"embeddable":true,"href":"https:\/\/collagena.eu\/es\/wp-json\/wp\/v2\/comments?post=3"}],"version-history":[{"count":4,"href":"https:\/\/collagena.eu\/es\/wp-json\/wp\/v2\/pages\/3\/revisions"}],"predecessor-version":[{"id":3476,"href":"https:\/\/collagena.eu\/es\/wp-json\/wp\/v2\/pages\/3\/revisions\/3476"}],"wp:attachment":[{"href":"https:\/\/collagena.eu\/es\/wp-json\/wp\/v2\/media?parent=3"}],"curies":[{"name":"wp","href":"https:\/\/api.w.org\/{rel}","templated":true}]}}