{"id":3349,"date":"2025-04-06T19:25:34","date_gmt":"2025-04-06T16:25:34","guid":{"rendered":"https:\/\/collagena.eu\/?page_id=3349"},"modified":"2025-07-14T14:19:01","modified_gmt":"2025-07-14T11:19:01","slug":"cookies","status":"publish","type":"page","link":"https:\/\/collagena.eu\/es\/cookies\/","title":{"rendered":"Cookies"},"content":{"rendered":"<p>COOKIES<br \/>\nPara asegurarse de que recibe la informaci\u00f3n m\u00e1s relevante y los mejores servicios cuando visita nuestros sitios web: collagena.eu\/denominados \u00abSitios web\u00bb o \u00abSitios\u00bb, la informaci\u00f3n y los datos se recopilar\u00e1n mediante el uso de las denominadas \u00abcookies\u00bb. Esto nos ayuda (y tambi\u00e9n a otros terceros autorizados) a proporcionarle una experiencia personalizada cuando visita nuestros Sitios. Tambi\u00e9n nos permite mejorar nuestros servicios y asegurarnos de que pueda encontrar f\u00e1cilmente lo que est\u00e1 buscando. Queremos que comprenda c\u00f3mo utilizamos estas tecnolog\u00edas, por lo que esta Pol\u00edtica de cookies explica los tipos de tecnolog\u00edas que utilizamos, lo que hacen y sus opciones con respecto a su uso.<\/p>\n<p>\u00bfQu\u00e9 son las cookies?<br \/>\nLas cookies son peque\u00f1os fragmentos de datos que son enviados a su navegador por un servidor web y almacenados en su dispositivo para que el sitio pueda reconocer su computadora. Existen dos tipos de cookies: cookies persistentes y temporales o cookies de \u00absesi\u00f3n\u00bb. Las cookies persistentes se almacenan como un archivo en su computadora o dispositivo m\u00f3vil durante un largo per\u00edodo de tiempo. Las cookies de sesi\u00f3n se colocan temporalmente en su computadora cuando visita nuestro Sitio, pero desaparecen cuando cierra la p\u00e1gina, lo que significa que no se almacenan permanentemente en su dispositivo. La mayor\u00eda de las empresas utilizan cookies en sus sitios para mejorar la usabilidad. Las cookies no pueden da\u00f1ar sus archivos ni aumentar el riesgo de virus en su ordenador.<\/p>\n<p>Nosotros y nuestros proveedores de servicios podemos utilizar los siguientes tipos de cookies:<br \/>\nGalletas esenciales.<br \/>\nEstas cookies son estrictamente necesarias para que el sitio web realice sus funciones. Utilizamos estas cookies, por ejemplo:<br \/>\n* para establecer la autenticidad e identidad de nuestros usuarios cuando utilizan nuestro Sitio para que podamos proporcionar nuestros servicios;<br \/>\n* para permitirnos cumplir con nuestros T\u00e9rminos y Condiciones y mantener la seguridad de nuestros servicios.<\/p>\n<p>Cookies de rendimiento y funcionalidad:<br \/>\nEstas cookies no son estrictamente necesarias, pero nos permiten personalizar su experiencia en l\u00ednea con nuestros sitios web. Utilizamos estas cookies, por ejemplo:<br \/>\n* recordar sus preferencias para que no tenga que ingresar informaci\u00f3n que ya ha proporcionado cada vez \/por ejemplo, cuando ingresa sus datos para acceder a nuestros servicios \/;<br \/>\nRecopilar informaci\u00f3n sobre c\u00f3mo nuestros usuarios utilizan nuestros servicios para que podamos mejorar nuestro Sitio y nuestros Servicios y realizar estudios de mercado (por ejemplo: informaci\u00f3n sobre p\u00e1ginas populares, h\u00e1bitos de visualizaci\u00f3n, n\u00famero de clics, n\u00famero de acciones, likes para un art\u00edculo determinado, p\u00e1ginas recientes visitadas, votaci\u00f3n de comentarios).<\/p>\n<p>Cookies publicitarias.<br \/>\nUtilizamos estas cookies, por ejemplo:<br \/>\nPara obtener informaci\u00f3n sobre c\u00f3mo utiliza nuestros sitios web, como las p\u00e1ginas que visita o c\u00f3mo responde a los anuncios, con el fin de proporcionarle anuncios que se adapten a usted.<br \/>\n* para determinar qu\u00e9 partes de nuestros Sitios son las m\u00e1s populares;<br \/>\n* para rastrear el uso de nuestros servicios y nuestros Sitios (frecuencia y tiempo);<br \/>\n* para monitorear el \u00e9xito de un producto;<br \/>\n* para determinar con qu\u00e9 frecuencia usted y otros usuarios visitan nuestros Sitios;<br \/>\n* realizar encuestas para que su interacci\u00f3n con nuestros Sitios y con nosotros mismos pueda mejorarse.<br \/>\nA menudo, estas cookies tienen por objeto ofrecer anuncios adaptados a sus necesidades, tanto dentro como fuera de nuestros Sitios. Este tipo de publicidad se conoce como \u00abpublicidad basada en intereses\u00bb. Muchos de estos tipos de cookies pertenecen a nuestros proveedores de servicios.<\/p>\n<p>Cookies de sesi\u00f3n.<br \/>\nTambi\u00e9n podemos utilizar cookies de sesi\u00f3n, por ejemplo:<br \/>\n* para permitirle moverse entre p\u00e1ginas individuales de nuestro Sitio sin tener que volver a iniciar sesi\u00f3n, as\u00ed como moverse entre sitios en el grupo collagena.eu. Esta pr\u00e1ctica se conoce como \u00abinicio de sesi\u00f3n \u00fanico\u00bb;<br \/>\n* reconocerle cuando regrese a nuestro Sitio para utilizar nuestros servicios;<br \/>\n* para recoger las respuestas de la prueba para mostrar su puntuaci\u00f3n;<br \/>\n* para almacenar las respuestas a un formulario de encuesta una vez completado (y para que no tenga que completar el formulario de encuesta varias veces).<\/p>\n<p>\u00bfC\u00f3mo utilizamos las cookies?<br \/>\nUtilizamos la informaci\u00f3n de las cookies para hacer que nuestros sitios web sean m\u00e1s agradables y f\u00e1ciles de usar para los usuarios y para poder proporcionarle recomendaciones personalizadas.<\/p>\n<p>Cookies de terceros:<br \/>\nTambi\u00e9n utilizamos algunas cookies de terceros como parte de nuestros servicios. Estas cookies son administradas por los respectivos sitios y no son controladas por nosotros. A continuaci\u00f3n se presentan las cookies de terceros que utilizamos, algunas de las cuales pueden desactivarse mediante la configuraci\u00f3n general de su navegador. Para otros, debe visitar los sitios respectivos y seguir las instrucciones proporcionadas.<br \/>\nAdsense: muestra noticias o bloques de anuncios seg\u00fan el usuario.<br \/>\nGoogle Analytics \u2013 para generar estad\u00edsticas sobre el tr\u00e1fico del sitio y las fuentes de tr\u00e1fico, as\u00ed como las medidas de conversi\u00f3n y las ventas \u2013 para excluirse, v\u00e9ase aqu\u00ed https:\/\/support.google.com\/analytics\/answer\/181881<\/p>\n<p>\u00bfC\u00f3mo se eliminan las cookies?<br \/>\nPuede elegir si acepta o no las cookies. Si desea saber cu\u00e1ndo su computadora recibe una cookie, puede configurar su navegador para que le notifique. Esto le da la opci\u00f3n de aceptar o rechazar una cookie. Su ordenador puede configurarse para rechazar todas las cookies. Si desea saber c\u00f3mo hacerlo, visite aboutcookies.org. Tenga en cuenta que los cambios en su navegador que desactiven las cookies evitar\u00e1n que partes de nuestros Sitios funcionen correctamente, incluidas las funciones de inicio de sesi\u00f3n y reproducci\u00f3n.<\/p>\n<p>Cambios en nuestra Pol\u00edtica de Cookies<br \/>\nCualquier cambio futuro en nuestra Pol\u00edtica de Cookies se publicar\u00e1 en esta p\u00e1gina. Le notificaremos cualquier cambio por correo electr\u00f3nico seg\u00fan sea necesario de acuerdo con nuestros T\u00e9rminos y Condiciones. Todos los cambios entrar\u00e1n en vigencia inmediatamente, excepto para los clientes existentes, para quienes dichos cambios entrar\u00e1n en vigencia 30 d\u00edas despu\u00e9s de la publicaci\u00f3n, a menos que se indique lo contrario.<\/p>\n<p>Cont\u00e1ctenos<br \/>\nDamos la bienvenida a cualquier pregunta, comentario y solicitud con respecto a esta Pol\u00edtica de Cookies. Por favor, env\u00edelos a info@collagena.eu.<br \/>\nEsta pol\u00edtica se actualiz\u00f3 por \u00faltima vez el 01.04.2025<\/p>","protected":false},"excerpt":{"rendered":"<p>COOKIES Para asegurarse de que recibe la informaci\u00f3n m\u00e1s relevante y los mejores servicios cuando visita nuestros sitios web: collagena.eu\/denominados \u00abSitios web\u00bb o \u00abSitios\u00bb, la informaci\u00f3n y los datos se recopilar\u00e1n mediante el uso de las denominadas \u00abcookies\u00bb. Esto nos ayuda (y tambi\u00e9n a otros terceros autorizados) a proporcionar<\/p>\n<div class=\"post-permalink\">\n\t\t\t\t\t\t<a href=\"https:\/\/collagena.eu\/es\/cookies\/\" class=\"btn btn-default\">Continuar leyendo<\/a><\/div>","protected":false},"author":1,"featured_media":0,"parent":0,"menu_order":0,"comment_status":"closed","ping_status":"closed","template":"fullwil-page.php","meta":{"footnotes":""},"class_list":["post-3349","page","type-page","status-publish","hentry"],"amp_enabled":true,"_links":{"self":[{"href":"https:\/\/collagena.eu\/es\/wp-json\/wp\/v2\/pages\/3349","targetHints":{"allow":["GET"]}}],"collection":[{"href":"https:\/\/collagena.eu\/es\/wp-json\/wp\/v2\/pages"}],"about":[{"href":"https:\/\/collagena.eu\/es\/wp-json\/wp\/v2\/types\/page"}],"author":[{"embeddable":true,"href":"https:\/\/collagena.eu\/es\/wp-json\/wp\/v2\/users\/1"}],"replies":[{"embeddable":true,"href":"https:\/\/collagena.eu\/es\/wp-json\/wp\/v2\/comments?post=3349"}],"version-history":[{"count":3,"href":"https:\/\/collagena.eu\/es\/wp-json\/wp\/v2\/pages\/3349\/revisions"}],"predecessor-version":[{"id":3473,"href":"https:\/\/collagena.eu\/es\/wp-json\/wp\/v2\/pages\/3349\/revisions\/3473"}],"wp:attachment":[{"href":"https:\/\/collagena.eu\/es\/wp-json\/wp\/v2\/media?parent=3349"}],"curies":[{"name":"wp","href":"https:\/\/api.w.org\/{rel}","templated":true}]}}