{"id":3429,"date":"2025-06-25T11:44:54","date_gmt":"2025-06-25T08:44:54","guid":{"rendered":"https:\/\/collagena.eu\/?page_id=3429"},"modified":"2025-06-30T18:36:29","modified_gmt":"2025-06-30T15:36:29","slug":"about","status":"publish","type":"page","link":"https:\/\/collagena.eu\/es\/about\/","title":{"rendered":"Acerca de nosotros"},"content":{"rendered":"<p data-start=\"151\" data-end=\"262\">Bienvenidos a nuestro espacio dedicado a una de las sustancias m\u00e1s importantes para el cuerpo humano: <strong data-start=\"248\" data-end=\"261\">col\u00e1geno<\/strong>.<\/p>\n<p data-start=\"264\" data-end=\"534\">Nuestro sitio fue creado con una misi\u00f3n clara y responsable:<br data-start=\"310\" data-end=\"313\" \/>\u2047 <strong data-start=\"316\" data-end=\"355\">informar, educar e inspirar<\/strong> Para entender qu\u00e9 es realmente el col\u00e1geno, cu\u00e1l es su papel en la salud y c\u00f3mo afecta el proceso de envejecimiento, la piel, las articulaciones y el bienestar general.<\/p>\n<p data-start=\"536\" data-end=\"842\">En un mundo lleno de mitos, anuncios e informaci\u00f3n contradictoria, creemos que <strong data-start=\"615\" data-end=\"658\">El conocimiento es el mejor autocuidado. Es por eso que curamos y presentamos contenido con base cient\u00edfica, consejos pr\u00e1cticos, an\u00e1lisis de expertos y respuestas a las preguntas m\u00e1s frecuentes sobre el col\u00e1geno y temas relacionados.<\/strong><\/p>\n<h3 data-start=\"844\" data-end=\"870\">Lo que encontrar\u00e1 aqu\u00ed:<\/h3>\n<ul data-start=\"871\" data-end=\"1193\">\n<li data-start=\"871\" data-end=\"912\">\n<p data-start=\"873\" data-end=\"912\">\u00bfQu\u00e9 es el col\u00e1geno y por qu\u00e9 es tan importante?<\/p>\n<\/li>\n<li data-start=\"913\" data-end=\"953\">\n<p data-start=\"915\" data-end=\"953\">\u00bfC\u00f3mo cambian sus niveles con la edad?<\/p>\n<\/li>\n<li data-start=\"954\" data-end=\"989\">\n<p data-start=\"956\" data-end=\"989\">\u00bfCu\u00e1les son los diferentes tipos? col\u00e1geno?<\/p>\n<\/li>\n<li data-start=\"990\" data-end=\"1037\">\n<p data-start=\"992\" data-end=\"1037\">\u00bfC\u00f3mo elegir el suplemento de col\u00e1geno adecuado?<\/p>\n<\/li>\n<li data-start=\"1038\" data-end=\"1125\">\n<p data-start=\"1040\" data-end=\"1125\">\u00bfPuede nuestro estilo de vida, dieta y ejercicio estimular la producci\u00f3n de col\u00e1geno?<\/p>\n<\/li>\n<li data-start=\"1126\" data-end=\"1193\">\n<p data-start=\"1128\" data-end=\"1193\">Realidad o mito: verdades sobre el col\u00e1geno, el envejecimiento y los cosm\u00e9ticos.<\/p>\n<\/li>\n<\/ul>\n<p data-start=\"1195\" data-end=\"1268\">Todo ello \u2013 <strong data-start=\"1209\" data-end=\"1267\">contada de una manera accesible, cient\u00edfica y cuidadosa para su salud<\/strong>.<\/p>\n<p data-start=\"1270\" data-end=\"1460\">No ofrecemos asesoramiento m\u00e9dico directo, pero le proporcionamos informaci\u00f3n verificada que puede ayudarle a hacer <strong data-start=\"1400\" data-end=\"1423\">opciones m\u00e1s informadas<\/strong> acerca de su salud y estilo de vida.<\/p>","protected":false},"excerpt":{"rendered":"<p>Bienvenido a nuestro espacio dedicado a una de las sustancias m\u00e1s importantes para el cuerpo humano: el col\u00e1geno. Nuestro sitio fue creado con una misi\u00f3n clara y responsable: informar, educar e inspirar a las personas a comprender qu\u00e9 es realmente el col\u00e1geno, cu\u00e1l es su papel en la salud y c\u00f3mo afecta<\/p>\n<div class=\"post-permalink\">\n\t\t\t\t\t\t<a href=\"https:\/\/collagena.eu\/es\/about\/\" class=\"btn btn-default\">Continuar leyendo<\/a><\/div>","protected":false},"author":1,"featured_media":0,"parent":0,"menu_order":0,"comment_status":"closed","ping_status":"closed","template":"","meta":{"footnotes":""},"class_list":["post-3429","page","type-page","status-publish","hentry"],"amp_enabled":true,"_links":{"self":[{"href":"https:\/\/collagena.eu\/es\/wp-json\/wp\/v2\/pages\/3429","targetHints":{"allow":["GET"]}}],"collection":[{"href":"https:\/\/collagena.eu\/es\/wp-json\/wp\/v2\/pages"}],"about":[{"href":"https:\/\/collagena.eu\/es\/wp-json\/wp\/v2\/types\/page"}],"author":[{"embeddable":true,"href":"https:\/\/collagena.eu\/es\/wp-json\/wp\/v2\/users\/1"}],"replies":[{"embeddable":true,"href":"https:\/\/collagena.eu\/es\/wp-json\/wp\/v2\/comments?post=3429"}],"version-history":[{"count":2,"href":"https:\/\/collagena.eu\/es\/wp-json\/wp\/v2\/pages\/3429\/revisions"}],"predecessor-version":[{"id":3474,"href":"https:\/\/collagena.eu\/es\/wp-json\/wp\/v2\/pages\/3429\/revisions\/3474"}],"wp:attachment":[{"href":"https:\/\/collagena.eu\/es\/wp-json\/wp\/v2\/media?parent=3429"}],"curies":[{"name":"wp","href":"https:\/\/api.w.org\/{rel}","templated":true}]}}