{"id":3,"date":"2025-04-01T20:36:35","date_gmt":"2025-04-01T20:36:35","guid":{"rendered":"http:\/\/collagena.eu\/?page_id=3"},"modified":"2025-07-14T14:18:50","modified_gmt":"2025-07-14T11:18:50","slug":"terms","status":"publish","type":"page","link":"https:\/\/collagena.eu\/et\/terms\/","title":{"rendered":"Tingimused"},"content":{"rendered":"<h3>Isikuandmete kogumine ja t\u00f6\u00f6tlemine<\/h3>\n<p>Isikuandmed on andmed, mida kasutatakse teie tuvastamiseks, st nimi, aadress, e-posti v\u00f5i postiaadress. Collagena.eu ei kogu teilt isikuandmeid, kui te ei esita neid erijuhtudel, n\u00e4iteks toodete tellimisel v\u00f5i uudiskirjade tellimisel.<\/p>\n<h3>Isikuandmete kasutamine ja s\u00e4ilitamine<\/h3>\n<p>Collagena.eu v\u00f5ib kasutada teie isikuandmeid j\u00e4rgmistel eesm\u00e4rkidel: veebisaidi tehnilise haldamise eesm\u00e4rgil, et anda teile juurdep\u00e4\u00e4s eriteabele, teiega \u00fcldiseks suhtlemiseks v\u00f5i Collagena.eu toodete kaugm\u00fc\u00fcgiks. Collagena.eu on kohustatud kaitsma teie andmete konfidentsiaalsust ja j\u00e4rgima konfidentsiaalse teabe avaldamise lepingut.<\/p>\n<h3>Valikuvabadus<\/h3>\n<p>Sa kontrollid teavet, mida sa annad collagena.eu-le. Kui aga otsustate seda teavet collagena.eu-ga mitte jagada, pange t\u00e4hele, et teil ei pruugi olla juurdep\u00e4\u00e4su saidi m\u00f5nele alale. Kasutajad, kes on otsustanud uudiskirjast loobuda, v\u00f5ivad nende teadete saamise l\u00f5petada.<\/p>\n<h3>AUTOMAATSELT T\u00c4IENDATUD TEAVE<\/h3>\n<p>Kui sisenete veebisaidile collagena.eu, salvestatakse m\u00f5ned \u00fcldised isikustamata andmed (kasutatud internetibrauser, k\u00fclastuste arv, keskmine veebisaidil veedetud aeg, vaadatud lehed) automaatselt (mitte registreerimise osana). Seda teavet kasutatakse meie veebisaidi atraktiivsuse hindamiseks ning selle sisu ja funktsionaalsuse parandamiseks. Teie andmeid ei t\u00f6\u00f6delda Google Analyticsi abil.<\/p>\n<h3>\u201eKOOKUSED\u201c<\/h3>\n<p>\u201eK\u00fcpsised\u201c on v\u00e4ikesed failid, mis salvestatakse ajutiselt teie k\u00f5vakettale ja mis v\u00f5imaldavad meie veebisaidil teie arvutit \u00e4ra tunda j\u00e4rgmisel korral, kui k\u00fclastate veebisaiti Collagena.eu. collagena.eu kasutab \u201ek\u00fcpsiseid\u201c \u00fcksnes selleks, et koguda teavet meie veebisaidi kasutamise kohta.<br \/>\nLisateavet saab aadressilt <a href=\"https:\/\/collagena.eu\/et\/cookies\/\">K\u00fcpsised<\/a><\/p>\n<h3>Turvalisus<\/h3>\n<p>collagena.eu peab teie isikuandmete turvalisuse tagamist v\u00e4ga oluliseks. Teie andmed on hoolikalt kaitstud kadumise, h\u00e4vitamise, moonutamise \/ v\u00f5ltsimise, manipuleerimise ja volitamata juurdep\u00e4\u00e4su v\u00f5i volitamata avalikustamise eest.<\/p>\n<h3>Muudatuste teade<\/h3>\n<p>K\u00f5ik muudatused meie privaatsuspoliitikas tehakse teatavaks privaatsusavalduses, avalehel ja muudes kohtades, mida peame asjakohaseks.<\/p>\n<p>Teie esitatud isikuandmeid kasutab collagena.eu teiega isikup\u00e4rastatud suhtlemiseks toodete, pakkumiste, collagena.eu \u00fcrituste kohta e-posti, telefoni ja \/ v\u00f5i kataloogi teel v\u00f5i muude teiega suhtlemise vahendite ja kanalite kaudu.<\/p>\n<p>Juhul, kui olete andnud n\u00f5usoleku oma isikuandmete t\u00f6\u00f6tlemiseks collagena.eu poolt, v\u00f5ib ta neid kasutada ka uuringute, statistiliste uuringute, siseanal\u00fc\u00fcside l\u00e4biviimiseks ja \/ v\u00f5i teile isikup\u00e4rastatud reklaamis\u00f5numite saatmiseks, mis p\u00f5hinevad teie poolt varasemates tellimustes esitatud isikuandmetel \u00f5igustatud huvide alusel.<\/p>\n<p>collagena.eu t\u00f6\u00f6tleb ja s\u00e4ilitab teie isikuandmeid seni, kuni tal on selleks teie kehtiv n\u00f5usolek. V\u00f5ite oma n\u00f5usoleku oma isikuandmete t\u00f6\u00f6tlemiseks igal ajal tagasi v\u00f5tta, kl\u00f5psates alloleval paremal asuval nupul. N\u00f5usoleku tagasiv\u00f5tmine ei m\u00f5juta enne tagasiv\u00f5tmist n\u00f5usoleku alusel toimunud t\u00f6\u00f6tlemise seaduslikkust.<\/p>\n<p>Kui te ei ole andnud n\u00f5usolekut oma isikuandmete t\u00f6\u00f6tlemiseks veebisaidil collagena.eu, ei saa te teateid, isikup\u00e4rastatud pakkumisi ega teavet Collagena.eu toodete, pakkumiste ja \u00fcrituste kohta.<\/p>","protected":false},"excerpt":{"rendered":"<p>ISIKUANDMETE KOGUMINE JA T\u00d6\u00d6TLEMINE Isikuandmed on teave, mis aitab teid tuvastada, st nimi, aadress, e-posti aadress v\u00f5i postiaadress. Collagena.eu ei kogu teilt isikuandmeid, kui te ei esita neid erijuhtudel, n\u00e4iteks toodete tellimisel v\u00f5i uudiskirjade tellimisel. Kasutamine ja ladustamine<\/p>\n<div class=\"post-permalink\">\n\t\t\t\t\t\t<a href=\"https:\/\/collagena.eu\/et\/terms\/\" class=\"btn btn-default\">J\u00e4tka lugemist<\/a><\/div>","protected":false},"author":1,"featured_media":0,"parent":0,"menu_order":0,"comment_status":"closed","ping_status":"closed","template":"fullwil-page.php","meta":{"footnotes":""},"class_list":["post-3","page","type-page","status-publish","hentry"],"amp_enabled":true,"_links":{"self":[{"href":"https:\/\/collagena.eu\/et\/wp-json\/wp\/v2\/pages\/3","targetHints":{"allow":["GET"]}}],"collection":[{"href":"https:\/\/collagena.eu\/et\/wp-json\/wp\/v2\/pages"}],"about":[{"href":"https:\/\/collagena.eu\/et\/wp-json\/wp\/v2\/types\/page"}],"author":[{"embeddable":true,"href":"https:\/\/collagena.eu\/et\/wp-json\/wp\/v2\/users\/1"}],"replies":[{"embeddable":true,"href":"https:\/\/collagena.eu\/et\/wp-json\/wp\/v2\/comments?post=3"}],"version-history":[{"count":4,"href":"https:\/\/collagena.eu\/et\/wp-json\/wp\/v2\/pages\/3\/revisions"}],"predecessor-version":[{"id":3476,"href":"https:\/\/collagena.eu\/et\/wp-json\/wp\/v2\/pages\/3\/revisions\/3476"}],"wp:attachment":[{"href":"https:\/\/collagena.eu\/et\/wp-json\/wp\/v2\/media?parent=3"}],"curies":[{"name":"wp","href":"https:\/\/api.w.org\/{rel}","templated":true}]}}