{"id":3349,"date":"2025-04-06T19:25:34","date_gmt":"2025-04-06T16:25:34","guid":{"rendered":"https:\/\/collagena.eu\/?page_id=3349"},"modified":"2025-07-14T14:19:01","modified_gmt":"2025-07-14T11:19:01","slug":"cookies","status":"publish","type":"page","link":"https:\/\/collagena.eu\/et\/cookies\/","title":{"rendered":"K\u00fcpsised"},"content":{"rendered":"<p>Kokteilid<br \/>\nTagamaks, et saate meie veebisaitide k\u00fclastamisel k\u00f5ige asjakohasemat teavet ja parimaid teenuseid: collagena.eu \/edaspidi \u201eveebisaidid\u201c v\u00f5i \u201esaidid\u201c \/, kogutakse teavet ja andmeid nn k\u00fcpsiste abil. See aitab meil (ja ka teistel volitatud kolmandatel osapooltel) pakkuda teile isikup\u00e4rastatud kogemust, kui k\u00fclastate meie saite. Samuti v\u00f5imaldab see meil oma teenuseid t\u00e4iustada ja tagada, et leiate h\u00f5lpsasti selle, mida otsite. Me tahame, et te m\u00f5istaksite, kuidas me neid tehnoloogiaid kasutame, nii et see k\u00fcpsiste poliitika selgitab, milliseid tehnoloogiaid me kasutame, mida nad teevad ja millised on teie valikud nende kasutamisel.<\/p>\n<p>Mis on k\u00fcpsised?<br \/>\nK\u00fcpsised on v\u00e4ikesed andme\u00fchikud, mille veebiserver saadab teie brauserisse ja mis salvestatakse teie seadmesse, et sait saaks teie arvuti \u00e4ra tunda. K\u00fcpsiseid on kahte liiki \u2013 p\u00fcsivad ja ajutised ehk seansik\u00fcpsised. P\u00fcsik\u00fcpsised salvestatakse teie arvutisse v\u00f5i mobiilseadmesse failina pikaks ajaks. Seansik\u00fcpsised salvestatakse ajutiselt teie arvutisse, kui k\u00fclastate meie saiti, kuid kaovad lehe sulgemisel, mis t\u00e4hendab, et neid ei salvestata p\u00fcsivalt teie seadmesse. Enamik ettev\u00f5tteid kasutab oma saitidel k\u00fcpsiseid, et parandada nende kasutatavust. K\u00fcpsised ei saa kahjustada teie faile ega suurendada viiruste ohtu teie arvutis.<\/p>\n<p>Meie ja meie teenusepakkujad v\u00f5ime kasutada j\u00e4rgmist t\u00fc\u00fcpi k\u00fcpsiseid:<br \/>\nOlulised k\u00fcpsised.<br \/>\nNeed k\u00fcpsised on veebisaidi funktsioonide t\u00e4itmiseks rangelt vajalikud. Kasutame neid k\u00fcpsiseid n\u00e4iteks:<br \/>\n* teha kindlaks meie kasutajate autentsus ja identiteet, kui nad meie saiti kasutavad, et saaksime oma teenuseid pakkuda;<br \/>\n* selleks, et v\u00f5imaldada meil t\u00e4ita meie tingimusi ja s\u00e4ilitada meie teenuste turvalisus.<\/p>\n<p>J\u00f5udlus- ja funktsionaalsusk\u00fcpsised:<br \/>\nNeed k\u00fcpsised ei ole rangelt vajalikud, kuid need v\u00f5imaldavad meil isikup\u00e4rastada teie veebikogemust meie veebisaitidel. Kasutame neid k\u00fcpsiseid n\u00e4iteks:<br \/>\n* meeles pidada oma eelistusi nii, et te ei pea sisestama teavet, mille olete juba iga kord esitanud \/ n\u00e4iteks kui sisestate oma andmed meie teenustele juurdep\u00e4\u00e4suks \/;<br \/>\n* koguda teavet selle kohta, kuidas meie kasutajad meie teenuseid kasutavad, et saaksime oma saiti ja teenuseid t\u00e4iustada ning teha turu-uuringuid (n\u00e4iteks: teave populaarsete lehtede, vaatamisharjumuste, klikkide arvu, aktsiate arvu, antud artikli meeldimiste, hiljutiste k\u00fclastatud lehtede, kommentaaride h\u00e4\u00e4letamise kohta).<\/p>\n<p>Reklaamik\u00fcpsised.<br \/>\nKasutame neid k\u00fcpsiseid n\u00e4iteks:<br \/>\n* saada teavet selle kohta, kuidas te meie veebisaite kasutate, n\u00e4iteks milliseid lehti k\u00fclastate v\u00f5i kuidas reageerite reklaamidele, et pakkuda teile teie jaoks kohandatud reklaame;<br \/>\n* teha kindlaks, millised meie saitide osad on k\u00f5ige populaarsemad;<br \/>\n* j\u00e4lgida meie teenuste ja saitide kasutamist (sagedus ja aeg);<br \/>\n* j\u00e4lgida toote edukust;<br \/>\n* et teha kindlaks, kui sageli teie ja teised kasutajad meie saite k\u00fclastavad;<br \/>\n* uuringute l\u00e4biviimiseks, et parandada teie suhtlust meie saitide ja meie endi vahel.<br \/>\nSageli on nende k\u00fcpsiste eesm\u00e4rk pakkuda teile kohandatud reklaame nii meie saitidel kui ka v\u00e4ljaspool neid. Seda liiki reklaami nimetatakse huvip\u00f5hiseks reklaamiks. Paljud seda t\u00fc\u00fcpi k\u00fcpsised kuuluvad meie teenusepakkujatele.<\/p>\n<p>Seansik\u00fcpsised.<br \/>\nV\u00f5ime kasutada ka seansik\u00fcpsiseid, n\u00e4iteks:<br \/>\n* v\u00f5imaldada teil liikuda meie saidi \u00fcksikute lehtede vahel, ilma et peaksite uuesti sisse logima, samuti liikuda grupi collagena.eu saitide vahel. Seda tava nimetatakse \u00fchekordseks sisselogimiseks;<br \/>\n* teie \u00e4ratundmiseks, kui naasete meie saidile, et kasutada meie teenuseid;<br \/>\n* koguda test vastuseid, et n\u00e4idata oma skoor;<br \/>\n* k\u00fcsitlusvormi vastuste salvestamiseks p\u00e4rast t\u00e4itmist (ja selleks, et te ei peaks k\u00fcsitlusvormi mitu korda t\u00e4itma).<\/p>\n<p>Kuidas me k\u00fcpsiseid kasutame?<br \/>\nKasutame k\u00fcpsistest saadud teavet, et muuta meie veebisaidid kasutajatele meeldivamaks ja kasutajas\u00f5bralikumaks ning anda teile isikup\u00e4rastatud soovitusi.<\/p>\n<p>Kolmandate osapoolte k\u00fcpsised:<br \/>\nKasutame oma teenuste osana ka kolmandate osapoolte k\u00fcpsiseid. Neid k\u00fcpsiseid haldavad vastavad saidid ja me ei kontrolli neid. Allpool on toodud kolmandate osapoolte k\u00fcpsised, mida me kasutame ja millest m\u00f5ned saab teie brauseri \u00fcldseadete abil keelata. Teiste puhul peate k\u00fclastama vastavaid saite ja j\u00e4rgima esitatud juhiseid.<br \/>\nAdsense \u2013 kuvab uudiseid v\u00f5i reklaami\u00fchikuid vastavalt kasutajale.<br \/>\nGoogle Analytics \u2013 et koostada statistikat saidi liikluse ja liiklusallikate, samuti konversioonimeetmete ja m\u00fc\u00fcgi kohta \u2013 sellest loobumiseks vt https:\/\/support.google.com\/analytics\/answer\/181881.<\/p>\n<p>Kuidas k\u00fcpsised kustutatakse?<br \/>\nSaate valida, kas n\u00f5ustute k\u00fcpsistega v\u00f5i mitte. Kui soovite teada, millal teie arvuti k\u00fcpsise vastu v\u00f5tab, saate seadistada oma brauseri teid teavitama. See annab teile v\u00f5imaluse k\u00fcpsis vastu v\u00f5tta v\u00f5i tagasi l\u00fckata. Teie arvuti saab seadistada k\u00f5ik k\u00fcpsised tagasi l\u00fckkama. Kui soovite teada, kuidas seda teha, k\u00fclastage aboutcookies.org. Pange t\u00e4hele, et teie brauseri muudatused, mis keelavad k\u00fcpsised, takistavad meie saitide osade n\u00f5uetekohast toimimist, sealhulgas sisselogimise ja taasesituse funktsioone.<\/p>\n<p>Muudatused meie k\u00fcpsiste poliitikas<br \/>\nK\u00f5ik edasised muudatused meie k\u00fcpsiste poliitikas postitatakse sellele lehele. Me teavitame teid k\u00f5igist muudatustest e-posti teel vastavalt meie tingimustele. K\u00f5ik muudatused j\u00f5ustuvad kohe, v\u00e4lja arvatud olemasolevate klientide puhul, kelle jaoks need muudatused j\u00f5ustuvad 30 p\u00e4eva p\u00e4rast postitamist, kui ei ole m\u00e4rgitud teisiti.<\/p>\n<p>V\u00f5ta meiega \u00fchendust<br \/>\nMe tervitame k\u00f5iki k\u00fcpsiste poliitikaga seotud k\u00fcsimusi, kommentaare ja taotlusi. Palun saatke need e-posti aadressile info@collagena.eu.<br \/>\nSeda poliitikat uuendati viimati 01.04.2025<\/p>","protected":false},"excerpt":{"rendered":"<p>Tagamaks, et saate k\u00f5ige asjakohasemat teavet ja parimaid teenuseid, kui k\u00fclastate meie veebisaite: collagena.eu \/edaspidi \u201eveebisaidid\u201c v\u00f5i \u201esaidid\u201c \/, kogutakse teavet ja andmeid nn k\u00fcpsiste abil. See aitab meil (ja ka teistel volitatud kolmandatel isikutel) pakkuda<\/p>\n<div class=\"post-permalink\">\n\t\t\t\t\t\t<a href=\"https:\/\/collagena.eu\/et\/cookies\/\" class=\"btn btn-default\">J\u00e4tka lugemist<\/a><\/div>","protected":false},"author":1,"featured_media":0,"parent":0,"menu_order":0,"comment_status":"closed","ping_status":"closed","template":"fullwil-page.php","meta":{"footnotes":""},"class_list":["post-3349","page","type-page","status-publish","hentry"],"amp_enabled":true,"_links":{"self":[{"href":"https:\/\/collagena.eu\/et\/wp-json\/wp\/v2\/pages\/3349","targetHints":{"allow":["GET"]}}],"collection":[{"href":"https:\/\/collagena.eu\/et\/wp-json\/wp\/v2\/pages"}],"about":[{"href":"https:\/\/collagena.eu\/et\/wp-json\/wp\/v2\/types\/page"}],"author":[{"embeddable":true,"href":"https:\/\/collagena.eu\/et\/wp-json\/wp\/v2\/users\/1"}],"replies":[{"embeddable":true,"href":"https:\/\/collagena.eu\/et\/wp-json\/wp\/v2\/comments?post=3349"}],"version-history":[{"count":3,"href":"https:\/\/collagena.eu\/et\/wp-json\/wp\/v2\/pages\/3349\/revisions"}],"predecessor-version":[{"id":3473,"href":"https:\/\/collagena.eu\/et\/wp-json\/wp\/v2\/pages\/3349\/revisions\/3473"}],"wp:attachment":[{"href":"https:\/\/collagena.eu\/et\/wp-json\/wp\/v2\/media?parent=3349"}],"curies":[{"name":"wp","href":"https:\/\/api.w.org\/{rel}","templated":true}]}}