{"id":3429,"date":"2025-06-25T11:44:54","date_gmt":"2025-06-25T08:44:54","guid":{"rendered":"https:\/\/collagena.eu\/?page_id=3429"},"modified":"2025-06-30T18:36:29","modified_gmt":"2025-06-30T15:36:29","slug":"about","status":"publish","type":"page","link":"https:\/\/collagena.eu\/et\/about\/","title":{"rendered":"Meie kohta"},"content":{"rendered":"<p data-start=\"151\" data-end=\"262\">Tere tulemast meie ruumi, mis on p\u00fchendatud \u00fchele inimkeha jaoks k\u00f5ige olulisemale ainele \u2013 <strong data-start=\"248\" data-end=\"261\">kollageeni<\/strong>.<\/p>\n<p data-start=\"264\" data-end=\"534\">Meie sait loodi selge ja vastutustundliku missiooniga:<br data-start=\"310\" data-end=\"313\" \/>\u2047 <strong data-start=\"316\" data-end=\"355\">teavitada, harida ja inspireerida<\/strong> inimesed m\u00f5istavad, mis kollageen tegelikult on, milline on selle roll tervises ja kuidas see m\u00f5jutab vananemisprotsessi, nahka, liigeseid ja \u00fcldist heaolu.<\/p>\n<p data-start=\"536\" data-end=\"842\">Maailmas, mis on t\u00e4is m\u00fc\u00fcte, reklaame ja vastuolulist teavet, usume, et <strong data-start=\"615\" data-end=\"658\">Teadmised on parim enesehooldus. Seep\u00e4rast kureerime ja esitame teaduslikult p\u00f5hjendatud sisu, praktilisi n\u00f5uandeid, eksperdianal\u00fc\u00fcse ning vastuseid k\u00f5ige sagedamini esitatavatele k\u00fcsimustele kollageeni ja sellega seotud teemade kohta.<\/strong><\/p>\n<h3 data-start=\"844\" data-end=\"870\">Siit leiate j\u00e4rgmist teavet:<\/h3>\n<ul data-start=\"871\" data-end=\"1193\">\n<li data-start=\"871\" data-end=\"912\">\n<p data-start=\"873\" data-end=\"912\">Mis on kollageen ja miks see nii oluline on?<\/p>\n<\/li>\n<li data-start=\"913\" data-end=\"953\">\n<p data-start=\"915\" data-end=\"953\">Kuidas selle tase vanusega muutub?<\/p>\n<\/li>\n<li data-start=\"954\" data-end=\"989\">\n<p data-start=\"956\" data-end=\"989\">Millised on erinevad t\u00fc\u00fcbid? kollageen?<\/p>\n<\/li>\n<li data-start=\"990\" data-end=\"1037\">\n<p data-start=\"992\" data-end=\"1037\">Kuidas valida \u00f5ige kollageeni toidulisand?<\/p>\n<\/li>\n<li data-start=\"1038\" data-end=\"1125\">\n<p data-start=\"1040\" data-end=\"1125\">Kas meie elustiil, toitumine ja liikumine stimuleerivad kollageeni tootmist?<\/p>\n<\/li>\n<li data-start=\"1126\" data-end=\"1193\">\n<p data-start=\"1128\" data-end=\"1193\">Reaalsus v\u00f5i m\u00fc\u00fct: t\u00f5ed kollageeni, vananemise ja kosmeetika kohta.<\/p>\n<\/li>\n<\/ul>\n<p data-start=\"1195\" data-end=\"1268\">K\u00f5ik see \u2013 <strong data-start=\"1209\" data-end=\"1267\">r\u00e4\u00e4gitakse k\u00e4ttesaadaval, teaduslikul ja hoolival viisil teie tervise eest<\/strong>.<\/p>\n<p data-start=\"1270\" data-end=\"1460\">Me ei paku otsest meditsiinilist n\u00f5u, kuid anname teile kontrollitud teavet, mis aitab teil teha <strong data-start=\"1400\" data-end=\"1423\">teadlikumad valikud<\/strong> Teie tervise ja elustiili kohta.<\/p>","protected":false},"excerpt":{"rendered":"<p>Tere tulemast meie ruumi, mis on p\u00fchendatud \u00fchele inimkeha jaoks k\u00f5ige olulisemale ainele \u2013 kollageenile. Meie sait loodi selge ja vastutustundliku missiooniga: teavitada, harida ja inspireerida inimesi m\u00f5istma, mis kollageen tegelikult on, milline on selle roll tervises ja kuidas see m\u00f5jutab<\/p>\n<div class=\"post-permalink\">\n\t\t\t\t\t\t<a href=\"https:\/\/collagena.eu\/et\/about\/\" class=\"btn btn-default\">J\u00e4tka lugemist<\/a><\/div>","protected":false},"author":1,"featured_media":0,"parent":0,"menu_order":0,"comment_status":"closed","ping_status":"closed","template":"","meta":{"footnotes":""},"class_list":["post-3429","page","type-page","status-publish","hentry"],"amp_enabled":true,"_links":{"self":[{"href":"https:\/\/collagena.eu\/et\/wp-json\/wp\/v2\/pages\/3429","targetHints":{"allow":["GET"]}}],"collection":[{"href":"https:\/\/collagena.eu\/et\/wp-json\/wp\/v2\/pages"}],"about":[{"href":"https:\/\/collagena.eu\/et\/wp-json\/wp\/v2\/types\/page"}],"author":[{"embeddable":true,"href":"https:\/\/collagena.eu\/et\/wp-json\/wp\/v2\/users\/1"}],"replies":[{"embeddable":true,"href":"https:\/\/collagena.eu\/et\/wp-json\/wp\/v2\/comments?post=3429"}],"version-history":[{"count":2,"href":"https:\/\/collagena.eu\/et\/wp-json\/wp\/v2\/pages\/3429\/revisions"}],"predecessor-version":[{"id":3474,"href":"https:\/\/collagena.eu\/et\/wp-json\/wp\/v2\/pages\/3429\/revisions\/3474"}],"wp:attachment":[{"href":"https:\/\/collagena.eu\/et\/wp-json\/wp\/v2\/media?parent=3429"}],"curies":[{"name":"wp","href":"https:\/\/api.w.org\/{rel}","templated":true}]}}