{"id":3,"date":"2025-04-01T20:36:35","date_gmt":"2025-04-01T20:36:35","guid":{"rendered":"http:\/\/collagena.eu\/?page_id=3"},"modified":"2025-07-14T14:18:50","modified_gmt":"2025-07-14T11:18:50","slug":"terms","status":"publish","type":"page","link":"https:\/\/collagena.eu\/fr\/terms\/","title":{"rendered":"Termes"},"content":{"rendered":"<h3>COLLECTE ET TRAITEMENT DES DONN\u00c9ES \u00c0 CARACT\u00c8RE PERSONNEL<\/h3>\n<p>Les donn\u00e9es personnelles sont des informations qui servent \u00e0 vous identifier, c'est-\u00e0-dire le nom, l'adresse, l'adresse e-mail ou l'adresse postale. Collagena.eu ne collecte pas de donn\u00e9es personnelles vous concernant \u00e0 moins que vous ne les fournissiez dans des cas particuliers, par exemple lors de la commande de produits ou de l'abonnement \u00e0 des newsletters.<\/p>\n<h3>UTILISATION ET STOCKAGE DES DONN\u00c9ES \u00c0 CARACT\u00c8RE PERSONNEL<\/h3>\n<p>Collagena.eu peut utiliser vos donn\u00e9es personnelles pour: aux fins de la gestion technique du site, pour vous donner acc\u00e8s \u00e0 des informations sp\u00e9ciales, pour une communication g\u00e9n\u00e9rale avec vous ou lors de la vente \u00e0 distance d'un produit de Collagena.eu. Collagena.eu est tenu de prot\u00e9ger la confidentialit\u00e9 de vos donn\u00e9es et de respecter un accord pour la divulgation d'informations confidentielles.<\/p>\n<h3>LIBERT\u00c9 DE CHOIX<\/h3>\n<p>Vous contr\u00f4lez les informations que vous fournissez \u00e0 collag\u00e8ne.eu. Toutefois, si vous choisissez de ne pas partager ces informations avec collagena.eu, veuillez noter que vous ne pourrez peut-\u00eatre pas acc\u00e9der \u00e0 certaines zones du site. Les utilisateurs qui ont d\u00e9cid\u00e9 de se d\u00e9sabonner de la newsletter peuvent cesser de recevoir ces communications.<\/p>\n<h3>INFORMATIONS AUTOMATIQUEMENT ENREGISTR\u00c9ES<\/h3>\n<p>Lorsque vous acc\u00e9dez au site collagena.eu, certaines donn\u00e9es non personnelles g\u00e9n\u00e9rales (navigateur Internet utilis\u00e9, nombre de visites, temps moyen pass\u00e9 sur le site, pages consult\u00e9es) sont automatiquement enregistr\u00e9es (pas dans le cadre de l'enregistrement). Ces informations sont utilis\u00e9es pour \u00e9valuer l'attrait de notre site Web et pour am\u00e9liorer son contenu et ses fonctionnalit\u00e9s. Vos donn\u00e9es ne sont pas trait\u00e9es \u00e0 l'aide de Google Analytics.<\/p>\n<h3>\u00abCOOKIES\u00bb<\/h3>\n<p>Les \u00abcookies\u00bb sont de petits fichiers qui sont temporairement stock\u00e9s sur votre disque dur et permettent \u00e0 notre site web de reconna\u00eetre votre ordinateur la prochaine fois que vous visitez le site web Collagena.eu. collagena.eu utilise des \u00abcookies\u00bb uniquement pour collecter des informations sur l\u2019utilisation de notre site web.<br \/>\nVous pouvez en savoir plus \u00e0 l\u2019adresse suivante: <a href=\"https:\/\/collagena.eu\/fr\/cookies\/\">Cookies<\/a><\/p>\n<h3>S\u00c9CURIT\u00c9<\/h3>\n<p>collagena.eu attache une grande importance \u00e0 la s\u00e9curit\u00e9 de vos donn\u00e9es personnelles. Vos donn\u00e9es sont soigneusement prot\u00e9g\u00e9es contre la perte, la destruction, la distorsion\/falsification, la manipulation et l'acc\u00e8s non autoris\u00e9 ou la divulgation non autoris\u00e9e.<\/p>\n<h3>AVIS DE MODIFICATION<\/h3>\n<p>Toutes les modifications apport\u00e9es \u00e0 notre politique de confidentialit\u00e9 seront annonc\u00e9es dans la d\u00e9claration de confidentialit\u00e9, sur la page d'accueil et dans d'autres endroits que nous jugeons appropri\u00e9s.<\/p>\n<p>Les donn\u00e9es personnelles que vous fournissez seront utilis\u00e9es par collagena.eu pour effectuer une communication personnalis\u00e9e avec vous sur les produits, offres, \u00e9v\u00e9nements de collagena.eu par e-mail, t\u00e9l\u00e9phone et \/ ou catalogue ou par tout autre moyen et canal de communication avec vous.<\/p>\n<p>Dans le cas o\u00f9 vous avez consenti au traitement de vos donn\u00e9es personnelles par collagena.eu, il peut \u00e9galement les utiliser pour mener des enqu\u00eates, des \u00e9tudes statistiques, des analyses internes et \/ ou vous envoyer des messages publicitaires personnalis\u00e9s bas\u00e9s sur des donn\u00e9es personnelles fournies par vous lors de commandes pr\u00e9c\u00e9dentes, sur la base d'int\u00e9r\u00eats l\u00e9gitimes.<\/p>\n<p>collag\u00e8ne.eu traitera et stockera vos donn\u00e9es personnelles tant qu'il aura votre consentement valide pour le faire. Vous pouvez retirer votre consentement au traitement de vos donn\u00e9es personnelles \u00e0 tout moment en cliquant sur le bouton ci-dessous \u00e0 droite. Le retrait de votre consentement n'affecte pas la lic\u00e9it\u00e9 du traitement fond\u00e9 sur le consentement avant qu'il ne soit retir\u00e9.<\/p>\n<p>Si vous n\u2019avez pas donn\u00e9 votre consentement au traitement de vos donn\u00e9es \u00e0 caract\u00e8re personnel sur collag\u00e8ne.eu, vous ne recevrez pas de notifications, d\u2019offres personnalis\u00e9es et d\u2019informations sur les produits, offres et \u00e9v\u00e9nements de collag\u00e8ne.eu.<\/p>","protected":false},"excerpt":{"rendered":"<p>COLLECTE ET TRAITEMENT DES DONN\u00c9ES \u00c0 CARACT\u00c8RE PERSONNEL Les donn\u00e9es \u00e0 caract\u00e8re personnel sont des informations qui servent \u00e0 vous identifier, c'est-\u00e0-dire votre nom, votre adresse, votre adresse e-mail ou votre adresse postale. Collagena.eu ne collecte pas de donn\u00e9es personnelles vous concernant \u00e0 moins que vous ne les fournissiez dans des cas particuliers, par exemple lors de la commande de produits ou de l'abonnement \u00e0 des newsletters. UTILISATION ET STOCKAGE DES<\/p>\n<div class=\"post-permalink\">\n\t\t\t\t\t\t<a href=\"https:\/\/collagena.eu\/fr\/terms\/\" class=\"btn btn-default\">Continuer la lecture<\/a><\/div>","protected":false},"author":1,"featured_media":0,"parent":0,"menu_order":0,"comment_status":"closed","ping_status":"closed","template":"fullwil-page.php","meta":{"footnotes":""},"class_list":["post-3","page","type-page","status-publish","hentry"],"amp_enabled":true,"_links":{"self":[{"href":"https:\/\/collagena.eu\/fr\/wp-json\/wp\/v2\/pages\/3","targetHints":{"allow":["GET"]}}],"collection":[{"href":"https:\/\/collagena.eu\/fr\/wp-json\/wp\/v2\/pages"}],"about":[{"href":"https:\/\/collagena.eu\/fr\/wp-json\/wp\/v2\/types\/page"}],"author":[{"embeddable":true,"href":"https:\/\/collagena.eu\/fr\/wp-json\/wp\/v2\/users\/1"}],"replies":[{"embeddable":true,"href":"https:\/\/collagena.eu\/fr\/wp-json\/wp\/v2\/comments?post=3"}],"version-history":[{"count":4,"href":"https:\/\/collagena.eu\/fr\/wp-json\/wp\/v2\/pages\/3\/revisions"}],"predecessor-version":[{"id":3476,"href":"https:\/\/collagena.eu\/fr\/wp-json\/wp\/v2\/pages\/3\/revisions\/3476"}],"wp:attachment":[{"href":"https:\/\/collagena.eu\/fr\/wp-json\/wp\/v2\/media?parent=3"}],"curies":[{"name":"wp","href":"https:\/\/api.w.org\/{rel}","templated":true}]}}