{"id":3349,"date":"2025-04-06T19:25:34","date_gmt":"2025-04-06T16:25:34","guid":{"rendered":"https:\/\/collagena.eu\/?page_id=3349"},"modified":"2025-07-14T14:19:01","modified_gmt":"2025-07-14T11:19:01","slug":"cookies","status":"publish","type":"page","link":"https:\/\/collagena.eu\/fr\/cookies\/","title":{"rendered":"Cookies"},"content":{"rendered":"<p>COOKIES<br \/>\nPour vous assurer de recevoir les informations les plus pertinentes et les meilleurs services lorsque vous visitez nos sites Web: collag\u00e8ne.eu \/d\u00e9sign\u00e9 sous le nom de \u00absites web\u00bb ou de \u00absites\u00bb, les informations et les donn\u00e9es seront collect\u00e9es \u00e0 l\u2019aide de ce que l\u2019on appelle des \u00abcookies\u00bb. Cela nous aide (ainsi que d'autres tiers autoris\u00e9s) \u00e0 vous offrir une exp\u00e9rience personnalis\u00e9e lorsque vous visitez nos Sites. Cela nous permet \u00e9galement d'am\u00e9liorer nos services et de nous assurer que vous pouvez facilement trouver ce que vous recherchez. Nous voulons que vous compreniez comment nous utilisons ces technologies, de sorte que cette politique de cookies explique les types de technologies que nous utilisons, ce qu'ils font et vos choix concernant leur utilisation.<\/p>\n<p>Que sont les cookies?<br \/>\nLes cookies sont de petits morceaux de donn\u00e9es qui sont envoy\u00e9s \u00e0 votre navigateur par un serveur Web et stock\u00e9s sur votre appareil afin que le site puisse reconna\u00eetre votre ordinateur. Il existe deux types de cookies: les cookies persistants et les cookies temporaires ou de \u00absession\u00bb. Les cookies persistants sont stock\u00e9s sous forme de fichier sur votre ordinateur ou votre appareil mobile pendant une longue p\u00e9riode. Les cookies de session sont plac\u00e9s temporairement sur votre ordinateur lorsque vous visitez notre site, mais disparaissent lorsque vous fermez la page, ce qui signifie qu'ils ne sont pas stock\u00e9s de mani\u00e8re permanente sur votre appareil. La plupart des entreprises utilisent des cookies sur leurs sites pour am\u00e9liorer la convivialit\u00e9. Les cookies ne peuvent pas nuire \u00e0 vos fichiers ou augmenter le risque de virus sur votre ordinateur.<\/p>\n<p>Nous et nos fournisseurs de services pouvons utiliser les types de cookies suivants:<br \/>\nCookies essentiels.<br \/>\nCes cookies sont strictement n\u00e9cessaires pour que le site web puisse remplir ses fonctions. Nous utilisons ces cookies par exemple:<br \/>\n* pour \u00e9tablir l'authenticit\u00e9 et l'identit\u00e9 de nos utilisateurs lorsqu'ils utilisent notre Site afin que nous puissions fournir nos services;<br \/>\n* pour nous permettre de respecter nos Termes et Conditions et de maintenir la s\u00e9curit\u00e9 de nos services.<\/p>\n<p>Cookies de performance et de fonctionnalit\u00e9:<br \/>\nCes cookies ne sont pas strictement n\u00e9cessaires, mais ils nous permettent de personnaliser votre exp\u00e9rience en ligne avec nos sites Web. Nous utilisons ces cookies par exemple:<br \/>\n* m\u00e9moriser vos pr\u00e9f\u00e9rences afin que vous n'ayez pas \u00e0 saisir les informations que vous avez d\u00e9j\u00e0 fournies \u00e0 chaque fois \/par exemple, lorsque vous entrez vos coordonn\u00e9es pour acc\u00e9der \u00e0 nos services \/;<br \/>\n* recueillir des informations sur la fa\u00e7on dont nos utilisateurs utilisent nos services afin que nous puissions am\u00e9liorer notre Site et nos Services et mener des \u00e9tudes de march\u00e9 (par exemple: des informations sur les pages populaires, les habitudes de visualisation, le nombre de clics, le nombre de partages, les likes pour un article donn\u00e9, les pages r\u00e9centes visit\u00e9es, le vote sur les commentaires).<\/p>\n<p>Cookies publicitaires.<br \/>\nNous utilisons ces cookies par exemple:<br \/>\n* pour obtenir des informations sur la fa\u00e7on dont vous utilisez nos sites Web, tels que les pages que vous visitez ou comment vous r\u00e9pondez aux publicit\u00e9s, afin de vous fournir des publicit\u00e9s qui vous sont adapt\u00e9es;<br \/>\n* pour d\u00e9terminer quelles parties de nos Sites sont les plus populaires;<br \/>\n* suivre l'utilisation de nos services et de nos Sites (fr\u00e9quence et temps);<br \/>\n* surveiller le succ\u00e8s d'un produit;<br \/>\n* pour d\u00e9terminer la fr\u00e9quence \u00e0 laquelle vous et d'autres utilisateurs visitez nos Sites;<br \/>\n* pour mener des enqu\u00eates afin que votre interaction avec nos Sites et nous-m\u00eames puisse \u00eatre am\u00e9lior\u00e9e.<br \/>\nSouvent, ces cookies sont destin\u00e9s \u00e0 fournir des publicit\u00e9s qui vous sont adapt\u00e9es, \u00e0 la fois sur et en dehors de nos sites. Ce type de publicit\u00e9 est connu sous le nom de \u00abpublicit\u00e9 ax\u00e9e sur les int\u00e9r\u00eats\u00bb. Beaucoup de ces types de cookies appartiennent \u00e0 nos fournisseurs de services.<\/p>\n<p>Cookies de session.<br \/>\nNous pouvons \u00e9galement utiliser des cookies de session, par exemple:<br \/>\n* pour vous permettre de vous d\u00e9placer entre les pages individuelles de notre Site sans avoir \u00e0 vous reconnecter, ainsi que de vous d\u00e9placer entre les sites du groupe collagena.eu. Cette pratique est connue sous le nom de \u00absingle sign-on\u00bb;<br \/>\n* vous reconna\u00eetre lorsque vous revenez sur notre site pour utiliser nos services;<br \/>\n* recueillir les r\u00e9ponses au test pour montrer votre score;<br \/>\n* pour stocker les r\u00e9ponses \u00e0 un formulaire de sondage une fois rempli (et afin que vous n'ayez pas \u00e0 remplir le formulaire de sondage plusieurs fois).<\/p>\n<p>Comment utilisons-nous les cookies?<br \/>\nNous utilisons les informations des cookies pour rendre nos sites Web plus agr\u00e9ables et conviviaux pour les utilisateurs et pour pouvoir vous fournir des recommandations personnalis\u00e9es.<\/p>\n<p>Cookies de tiers:<br \/>\nNous utilisons \u00e9galement des cookies tiers dans le cadre de nos services. Ces cookies sont g\u00e9r\u00e9s par les sites respectifs et ne sont pas contr\u00f4l\u00e9s par nous. Vous trouverez ci-dessous les cookies tiers que nous utilisons, dont certains peuvent \u00eatre d\u00e9sactiv\u00e9s en utilisant les param\u00e8tres g\u00e9n\u00e9raux de votre navigateur. Pour les autres, vous devez visiter les sites respectifs et suivre les instructions fournies.<br \/>\nAdsense \u2013 affiche les actualit\u00e9s ou les unit\u00e9s d\u2019annonces en fonction de l\u2019utilisateur.<br \/>\nGoogle Analytics \u2013 pour g\u00e9n\u00e9rer des statistiques sur le trafic du site et les sources de trafic, ainsi que sur les mesures de conversion et les ventes \u2013 pour vous d\u00e9sinscrire, voir ici https:\/\/support.google.com\/analytics\/answer\/181881<\/p>\n<p>Comment les cookies sont-ils supprim\u00e9s?<br \/>\nVous pouvez choisir d'accepter ou non les cookies. Si vous voulez savoir quand votre ordinateur re\u00e7oit un cookie, vous pouvez configurer votre navigateur pour qu'il vous avertisse. Cela vous donne la possibilit\u00e9 d'accepter ou de refuser un cookie. Votre ordinateur peut \u00eatre configur\u00e9 pour refuser tous les cookies. Si vous souhaitez savoir comment proc\u00e9der, veuillez visiter aboutcookies.org. Veuillez noter que les modifications apport\u00e9es \u00e0 votre navigateur qui d\u00e9sactivent les cookies emp\u00eacheront certaines parties de nos Sites de fonctionner correctement, y compris les fonctions de connexion et de lecture.<\/p>\n<p>Modifications apport\u00e9es \u00e0 notre politique en mati\u00e8re de cookies<br \/>\nToute modification future de notre politique en mati\u00e8re de cookies sera publi\u00e9e sur cette page. Nous vous informerons de tout changement par e-mail comme requis conform\u00e9ment \u00e0 nos Termes et Conditions. Toutes les modifications entrent en vigueur imm\u00e9diatement, sauf pour les clients existants, pour lesquels ces modifications entreront en vigueur 30 jours apr\u00e8s la publication, sauf indication contraire.<\/p>\n<p>Contactez-nous<br \/>\nNous accueillons toutes les questions, commentaires et demandes concernant cette politique de cookies. Veuillez les envoyer \u00e0 info@collagena.eu.<br \/>\nCette politique a \u00e9t\u00e9 mise \u00e0 jour pour la derni\u00e8re fois le 01.04.2025<\/p>","protected":false},"excerpt":{"rendered":"<p>COOKIES Pour vous assurer de recevoir les informations les plus pertinentes et les meilleurs services lorsque vous visitez nos sites Web: collag\u00e8ne.eu \/d\u00e9sign\u00e9 sous le nom de \u00absites web\u00bb ou de \u00absites\u00bb, les informations et les donn\u00e9es seront collect\u00e9es \u00e0 l\u2019aide de ce que l\u2019on appelle des \u00abcookies\u00bb. Cela nous aide (ainsi que d'autres tiers autoris\u00e9s) \u00e0 fournir<\/p>\n<div class=\"post-permalink\">\n\t\t\t\t\t\t<a href=\"https:\/\/collagena.eu\/fr\/cookies\/\" class=\"btn btn-default\">Continuer la lecture<\/a><\/div>","protected":false},"author":1,"featured_media":0,"parent":0,"menu_order":0,"comment_status":"closed","ping_status":"closed","template":"fullwil-page.php","meta":{"footnotes":""},"class_list":["post-3349","page","type-page","status-publish","hentry"],"amp_enabled":true,"_links":{"self":[{"href":"https:\/\/collagena.eu\/fr\/wp-json\/wp\/v2\/pages\/3349","targetHints":{"allow":["GET"]}}],"collection":[{"href":"https:\/\/collagena.eu\/fr\/wp-json\/wp\/v2\/pages"}],"about":[{"href":"https:\/\/collagena.eu\/fr\/wp-json\/wp\/v2\/types\/page"}],"author":[{"embeddable":true,"href":"https:\/\/collagena.eu\/fr\/wp-json\/wp\/v2\/users\/1"}],"replies":[{"embeddable":true,"href":"https:\/\/collagena.eu\/fr\/wp-json\/wp\/v2\/comments?post=3349"}],"version-history":[{"count":3,"href":"https:\/\/collagena.eu\/fr\/wp-json\/wp\/v2\/pages\/3349\/revisions"}],"predecessor-version":[{"id":3473,"href":"https:\/\/collagena.eu\/fr\/wp-json\/wp\/v2\/pages\/3349\/revisions\/3473"}],"wp:attachment":[{"href":"https:\/\/collagena.eu\/fr\/wp-json\/wp\/v2\/media?parent=3349"}],"curies":[{"name":"wp","href":"https:\/\/api.w.org\/{rel}","templated":true}]}}