{"id":3429,"date":"2025-06-25T11:44:54","date_gmt":"2025-06-25T08:44:54","guid":{"rendered":"https:\/\/collagena.eu\/?page_id=3429"},"modified":"2025-06-30T18:36:29","modified_gmt":"2025-06-30T15:36:29","slug":"about","status":"publish","type":"page","link":"https:\/\/collagena.eu\/fr\/about\/","title":{"rendered":"\u00c0 propos de nous"},"content":{"rendered":"<p data-start=\"151\" data-end=\"262\">Bienvenue dans notre espace d\u00e9di\u00e9 \u00e0 l\u2019une des substances les plus importantes pour le corps humain \u2013 <strong data-start=\"248\" data-end=\"261\">collag\u00e8ne<\/strong>.<\/p>\n<p data-start=\"264\" data-end=\"534\">Notre site a \u00e9t\u00e9 cr\u00e9\u00e9 avec une mission claire et responsable:<br data-start=\"310\" data-end=\"313\" \/>\u2047 <strong data-start=\"316\" data-end=\"355\">pour informer, \u00e9duquer et inspirer<\/strong> les gens \u00e0 comprendre ce qu'est vraiment le collag\u00e8ne, quel est son r\u00f4le dans la sant\u00e9 et comment il affecte le processus de vieillissement, la peau, les articulations et le bien-\u00eatre g\u00e9n\u00e9ral.<\/p>\n<p data-start=\"536\" data-end=\"842\">Dans un monde rempli de mythes, de publicit\u00e9s et d'informations contradictoires, nous croyons que <strong data-start=\"615\" data-end=\"658\">La connaissance est le meilleur soin de soi. C\u2019est pourquoi nous organisons et pr\u00e9sentons du contenu scientifique, des conseils pratiques, des analyses d\u2019experts et des r\u00e9ponses aux questions les plus fr\u00e9quemment pos\u00e9es sur le collag\u00e8ne et des sujets connexes.<\/strong><\/p>\n<h3 data-start=\"844\" data-end=\"870\">Ce que vous trouverez ici:<\/h3>\n<ul data-start=\"871\" data-end=\"1193\">\n<li data-start=\"871\" data-end=\"912\">\n<p data-start=\"873\" data-end=\"912\">Qu'est-ce que le collag\u00e8ne et pourquoi est-il si important?<\/p>\n<\/li>\n<li data-start=\"913\" data-end=\"953\">\n<p data-start=\"915\" data-end=\"953\">Comment ses niveaux changent-ils avec l'\u00e2ge?<\/p>\n<\/li>\n<li data-start=\"954\" data-end=\"989\">\n<p data-start=\"956\" data-end=\"989\">Quels sont les diff\u00e9rents types? collag\u00e8ne?<\/p>\n<\/li>\n<li data-start=\"990\" data-end=\"1037\">\n<p data-start=\"992\" data-end=\"1037\">Comment choisir le bon suppl\u00e9ment de collag\u00e8ne?<\/p>\n<\/li>\n<li data-start=\"1038\" data-end=\"1125\">\n<p data-start=\"1040\" data-end=\"1125\">Notre mode de vie, notre alimentation et notre exercice peuvent-ils stimuler la production de collag\u00e8ne?<\/p>\n<\/li>\n<li data-start=\"1126\" data-end=\"1193\">\n<p data-start=\"1128\" data-end=\"1193\">R\u00e9alit\u00e9 ou mythe: v\u00e9rit\u00e9s sur le collag\u00e8ne, le vieillissement et les cosm\u00e9tiques.<\/p>\n<\/li>\n<\/ul>\n<p data-start=\"1195\" data-end=\"1268\">Tout cela \u2013 <strong data-start=\"1209\" data-end=\"1267\">racont\u00e9 d'une mani\u00e8re accessible, scientifique et bienveillante pour votre sant\u00e9<\/strong>.<\/p>\n<p data-start=\"1270\" data-end=\"1460\">Nous n'offrons pas de conseils m\u00e9dicaux directs, mais nous vous fournissons des informations v\u00e9rifi\u00e9es qui peuvent vous aider \u00e0 faire <strong data-start=\"1400\" data-end=\"1423\">des choix plus \u00e9clair\u00e9s<\/strong> sur votre sant\u00e9 et votre mode de vie.<\/p>","protected":false},"excerpt":{"rendered":"<p>Bienvenue dans notre espace d\u00e9di\u00e9 \u00e0 l\u2019une des substances les plus importantes pour le corps humain: le collag\u00e8ne. Notre site a \u00e9t\u00e9 cr\u00e9\u00e9 avec une mission claire et responsable:  \u2047  informer, \u00e9duquer et inspirer les gens \u00e0 comprendre ce qu'est vraiment le collag\u00e8ne, quel est son r\u00f4le dans la sant\u00e9 et comment il affecte<\/p>\n<div class=\"post-permalink\">\n\t\t\t\t\t\t<a href=\"https:\/\/collagena.eu\/fr\/about\/\" class=\"btn btn-default\">Continuer la lecture<\/a><\/div>","protected":false},"author":1,"featured_media":0,"parent":0,"menu_order":0,"comment_status":"closed","ping_status":"closed","template":"","meta":{"footnotes":""},"class_list":["post-3429","page","type-page","status-publish","hentry"],"amp_enabled":true,"_links":{"self":[{"href":"https:\/\/collagena.eu\/fr\/wp-json\/wp\/v2\/pages\/3429","targetHints":{"allow":["GET"]}}],"collection":[{"href":"https:\/\/collagena.eu\/fr\/wp-json\/wp\/v2\/pages"}],"about":[{"href":"https:\/\/collagena.eu\/fr\/wp-json\/wp\/v2\/types\/page"}],"author":[{"embeddable":true,"href":"https:\/\/collagena.eu\/fr\/wp-json\/wp\/v2\/users\/1"}],"replies":[{"embeddable":true,"href":"https:\/\/collagena.eu\/fr\/wp-json\/wp\/v2\/comments?post=3429"}],"version-history":[{"count":2,"href":"https:\/\/collagena.eu\/fr\/wp-json\/wp\/v2\/pages\/3429\/revisions"}],"predecessor-version":[{"id":3474,"href":"https:\/\/collagena.eu\/fr\/wp-json\/wp\/v2\/pages\/3429\/revisions\/3474"}],"wp:attachment":[{"href":"https:\/\/collagena.eu\/fr\/wp-json\/wp\/v2\/media?parent=3429"}],"curies":[{"name":"wp","href":"https:\/\/api.w.org\/{rel}","templated":true}]}}