{"id":3429,"date":"2025-06-25T11:44:54","date_gmt":"2025-06-25T08:44:54","guid":{"rendered":"https:\/\/collagena.eu\/?page_id=3429"},"modified":"2025-06-30T18:36:29","modified_gmt":"2025-06-30T15:36:29","slug":"about","status":"publish","type":"page","link":"https:\/\/collagena.eu\/it\/about\/","title":{"rendered":"Chi siamo"},"content":{"rendered":"<p data-start=\"151\" data-end=\"262\">Benvenuti nel nostro spazio dedicato a una delle sostanze pi\u00f9 importanti per il corpo umano: <strong data-start=\"248\" data-end=\"261\">collagene<\/strong>.<\/p>\n<p data-start=\"264\" data-end=\"534\">Il nostro sito \u00e8 stato creato con una missione chiara e responsabile:<br data-start=\"310\" data-end=\"313\" \/>\u2047 <strong data-start=\"316\" data-end=\"355\">informare, educare e ispirare<\/strong> capire cos'\u00e8 realmente il collagene, qual \u00e8 il suo ruolo nella salute e come influisce sul processo di invecchiamento, sulla pelle, sulle articolazioni e sul benessere generale.<\/p>\n<p data-start=\"536\" data-end=\"842\">In un mondo pieno di miti, pubblicit\u00e0 e informazioni contraddittorie, crediamo che <strong data-start=\"615\" data-end=\"658\">La conoscenza \u00e8 la migliore cura di s\u00e9. Ecco perch\u00e9 curiamo e presentiamo contenuti scientificamente fondati, consigli pratici, analisi di esperti e risposte alle domande pi\u00f9 frequenti sul collagene e su argomenti correlati.<\/strong><\/p>\n<h3 data-start=\"844\" data-end=\"870\">Cosa troverete qui:<\/h3>\n<ul data-start=\"871\" data-end=\"1193\">\n<li data-start=\"871\" data-end=\"912\">\n<p data-start=\"873\" data-end=\"912\">Cos'\u00e8 il collagene e perch\u00e9 \u00e8 cos\u00ec importante?<\/p>\n<\/li>\n<li data-start=\"913\" data-end=\"953\">\n<p data-start=\"915\" data-end=\"953\">Come cambiano i suoi livelli con l'et\u00e0?<\/p>\n<\/li>\n<li data-start=\"954\" data-end=\"989\">\n<p data-start=\"956\" data-end=\"989\">Quali sono i diversi tipi? collagene?<\/p>\n<\/li>\n<li data-start=\"990\" data-end=\"1037\">\n<p data-start=\"992\" data-end=\"1037\">Come scegliere il giusto integratore di collagene?<\/p>\n<\/li>\n<li data-start=\"1038\" data-end=\"1125\">\n<p data-start=\"1040\" data-end=\"1125\">Il nostro stile di vita, la dieta e l'esercizio fisico possono stimolare la produzione di collagene?<\/p>\n<\/li>\n<li data-start=\"1126\" data-end=\"1193\">\n<p data-start=\"1128\" data-end=\"1193\">Realt\u00e0 o mito: verit\u00e0 su collagene, invecchiamento e cosmetici.<\/p>\n<\/li>\n<\/ul>\n<p data-start=\"1195\" data-end=\"1268\">Tutto questo \u2013 <strong data-start=\"1209\" data-end=\"1267\">raccontata in modo accessibile, scientifico e premuroso per la tua salute<\/strong>.<\/p>\n<p data-start=\"1270\" data-end=\"1460\">Non offriamo consulenza medica diretta, ma ti forniamo informazioni verificate che possono aiutarti a fare <strong data-start=\"1400\" data-end=\"1423\">scelte pi\u00f9 informate<\/strong> sulla tua salute e stile di vita.<\/p>","protected":false},"excerpt":{"rendered":"<p>Benvenuti nel nostro spazio dedicato a una delle sostanze pi\u00f9 importanti per il corpo umano: il collagene. Il nostro sito \u00e8 stato creato con una missione chiara e responsabile: informare, educare e ispirare le persone a capire cos'\u00e8 davvero il collagene, qual \u00e8 il suo ruolo nella salute e come influisce<\/p>\n<div class=\"post-permalink\">\n\t\t\t\t\t\t<a href=\"https:\/\/collagena.eu\/it\/about\/\" class=\"btn btn-default\">Continua a leggere<\/a><\/div>","protected":false},"author":1,"featured_media":0,"parent":0,"menu_order":0,"comment_status":"closed","ping_status":"closed","template":"","meta":{"footnotes":""},"class_list":["post-3429","page","type-page","status-publish","hentry"],"amp_enabled":true,"_links":{"self":[{"href":"https:\/\/collagena.eu\/it\/wp-json\/wp\/v2\/pages\/3429","targetHints":{"allow":["GET"]}}],"collection":[{"href":"https:\/\/collagena.eu\/it\/wp-json\/wp\/v2\/pages"}],"about":[{"href":"https:\/\/collagena.eu\/it\/wp-json\/wp\/v2\/types\/page"}],"author":[{"embeddable":true,"href":"https:\/\/collagena.eu\/it\/wp-json\/wp\/v2\/users\/1"}],"replies":[{"embeddable":true,"href":"https:\/\/collagena.eu\/it\/wp-json\/wp\/v2\/comments?post=3429"}],"version-history":[{"count":2,"href":"https:\/\/collagena.eu\/it\/wp-json\/wp\/v2\/pages\/3429\/revisions"}],"predecessor-version":[{"id":3474,"href":"https:\/\/collagena.eu\/it\/wp-json\/wp\/v2\/pages\/3429\/revisions\/3474"}],"wp:attachment":[{"href":"https:\/\/collagena.eu\/it\/wp-json\/wp\/v2\/media?parent=3429"}],"curies":[{"name":"wp","href":"https:\/\/api.w.org\/{rel}","templated":true}]}}